{"id":1672,"date":"2025-08-25T22:08:08","date_gmt":"2025-08-25T19:08:08","guid":{"rendered":"https:\/\/www.fysiotech.ee\/polsterdustood\/"},"modified":"2025-08-25T22:11:59","modified_gmt":"2025-08-25T19:11:59","slug":"polsterdustood","status":"publish","type":"page","link":"https:\/\/www.fysiotech.ee\/et\/polsterdustood\/","title":{"rendered":"Polsterdust\u00f6\u00f6d"},"content":{"rendered":"\n<p>Fysiotech on tegelenud polsterdus- ja \u00f5mblust\u00f6\u00f6dega juba \u00fcle 20 aasta ning omab selles valdkonnas pikaajalist kogemust. Meie teenuste hulka kuuluvad:<\/p>\n\n<ul class=\"wp-block-list\">\n<li>vanade massaa\u017ei- ja l\u00e4bivaatuslaudade uute polsterduste valmistamine (ka teiste tootjate laudadele),<\/li>\n\n\n\n<li>erim\u00f5\u00f5dus patjade ja muude pehmete detailide valmistamine,<\/li>\n\n\n\n<li>vana m\u00f6\u00f6bli katmine uue kanga v\u00f5i kunstnahaga,<\/li>\n\n\n\n<li>erinevad \u00f5mblust\u00f6\u00f6d.<\/li>\n<\/ul>\n\n<p>Lisaks pakume ka olemasoleva polstri vahetamise teenust. T\u00e4itke palun allolev vorm ning vastame Teie p\u00e4ringule esimesel v\u00f5imalusel.<\/p>\n","protected":false},"excerpt":{"rendered":"<p>Fysiotech on tegelenud polsterdus- ja \u00f5mblust\u00f6\u00f6dega juba \u00fcle 20 aasta ning omab selles valdkonnas pikaajalist kogemust. Meie teenuste hulka kuuluvad: Lisaks pakume ka olemasoleva polstri vahetamise teenust. T\u00e4itke palun allolev vorm ning vastame Teie p\u00e4ringule esimesel v\u00f5imalusel.<\/p>\n","protected":false},"author":1,"featured_media":0,"parent":0,"menu_order":0,"comment_status":"closed","ping_status":"closed","template":"","meta":{"_acf_changed":false,"_et_pb_use_builder":"off","_et_pb_old_content":"","_et_gb_content_width":"","footnotes":""},"class_list":["post-1672","page","type-page","status-publish","hentry"],"acf":[],"yoast_head":"<!-- This site is optimized with the Yoast SEO plugin v27.4 - https:\/\/yoast.com\/product\/yoast-seo-wordpress\/ -->\n<title>Polsterdust\u00f6\u00f6d - Fysiotech<\/title>\n<meta name=\"robots\" content=\"index, follow, max-snippet:-1, max-image-preview:large, max-video-preview:-1\" \/>\n<link rel=\"canonical\" href=\"https:\/\/www.fysiotech.ee\/et\/polsterdustood\/\" \/>\n<meta property=\"og:locale\" content=\"et_EE\" \/>\n<meta property=\"og:type\" content=\"article\" \/>\n<meta property=\"og:title\" content=\"Polsterdust\u00f6\u00f6d - Fysiotech\" \/>\n<meta property=\"og:description\" content=\"Fysiotech on tegelenud polsterdus- ja \u00f5mblust\u00f6\u00f6dega juba \u00fcle 20 aasta ning omab selles valdkonnas pikaajalist kogemust. Meie teenuste hulka kuuluvad: Lisaks pakume ka olemasoleva polstri vahetamise teenust. T\u00e4itke palun allolev vorm ning vastame Teie p\u00e4ringule esimesel v\u00f5imalusel.\" \/>\n<meta property=\"og:url\" content=\"https:\/\/www.fysiotech.ee\/et\/polsterdustood\/\" \/>\n<meta property=\"og:site_name\" content=\"Fysiotech\" \/>\n<meta property=\"article:modified_time\" content=\"2025-08-25T19:11:59+00:00\" \/>\n<meta name=\"twitter:card\" content=\"summary_large_image\" \/>\n<script type=\"application\/ld+json\" class=\"yoast-schema-graph\">{\"@context\":\"https:\\\/\\\/schema.org\",\"@graph\":[{\"@type\":\"WebPage\",\"@id\":\"https:\\\/\\\/www.fysiotech.ee\\\/et\\\/polsterdustood\\\/\",\"url\":\"https:\\\/\\\/www.fysiotech.ee\\\/et\\\/polsterdustood\\\/\",\"name\":\"Polsterdust\u00f6\u00f6d - Fysiotech\",\"isPartOf\":{\"@id\":\"https:\\\/\\\/www.fysiotech.ee\\\/et\\\/#website\"},\"datePublished\":\"2025-08-25T19:08:08+00:00\",\"dateModified\":\"2025-08-25T19:11:59+00:00\",\"breadcrumb\":{\"@id\":\"https:\\\/\\\/www.fysiotech.ee\\\/et\\\/polsterdustood\\\/#breadcrumb\"},\"inLanguage\":\"et\",\"potentialAction\":[{\"@type\":\"ReadAction\",\"target\":[\"https:\\\/\\\/www.fysiotech.ee\\\/et\\\/polsterdustood\\\/\"]}]},{\"@type\":\"BreadcrumbList\",\"@id\":\"https:\\\/\\\/www.fysiotech.ee\\\/et\\\/polsterdustood\\\/#breadcrumb\",\"itemListElement\":[{\"@type\":\"ListItem\",\"position\":1,\"name\":\"Home\",\"item\":\"https:\\\/\\\/www.fysiotech.ee\\\/et\\\/\"},{\"@type\":\"ListItem\",\"position\":2,\"name\":\"Polsterdust\u00f6\u00f6d\"}]},{\"@type\":\"WebSite\",\"@id\":\"https:\\\/\\\/www.fysiotech.ee\\\/et\\\/#website\",\"url\":\"https:\\\/\\\/www.fysiotech.ee\\\/et\\\/\",\"name\":\"Fysiotech\",\"description\":\"Professional therapy &amp; treatments tables\",\"publisher\":{\"@id\":\"https:\\\/\\\/www.fysiotech.ee\\\/et\\\/#organization\"},\"potentialAction\":[{\"@type\":\"SearchAction\",\"target\":{\"@type\":\"EntryPoint\",\"urlTemplate\":\"https:\\\/\\\/www.fysiotech.ee\\\/et\\\/?s={search_term_string}\"},\"query-input\":{\"@type\":\"PropertyValueSpecification\",\"valueRequired\":true,\"valueName\":\"search_term_string\"}}],\"inLanguage\":\"et\"},{\"@type\":\"Organization\",\"@id\":\"https:\\\/\\\/www.fysiotech.ee\\\/et\\\/#organization\",\"name\":\"Fysiotech\",\"url\":\"https:\\\/\\\/www.fysiotech.ee\\\/et\\\/\",\"logo\":{\"@type\":\"ImageObject\",\"inLanguage\":\"et\",\"@id\":\"https:\\\/\\\/www.fysiotech.ee\\\/et\\\/#\\\/schema\\\/logo\\\/image\\\/\",\"url\":\"https:\\\/\\\/www.fysiotech.ee\\\/wp-content\\\/uploads\\\/2025\\\/09\\\/fysiotech-logo-250902.svg\",\"contentUrl\":\"https:\\\/\\\/www.fysiotech.ee\\\/wp-content\\\/uploads\\\/2025\\\/09\\\/fysiotech-logo-250902.svg\",\"width\":318,\"height\":91,\"caption\":\"Fysiotech\"},\"image\":{\"@id\":\"https:\\\/\\\/www.fysiotech.ee\\\/et\\\/#\\\/schema\\\/logo\\\/image\\\/\"}}]}<\/script>\n<!-- \/ Yoast SEO plugin. -->","yoast_head_json":{"title":"Polsterdust\u00f6\u00f6d - Fysiotech","robots":{"index":"index","follow":"follow","max-snippet":"max-snippet:-1","max-image-preview":"max-image-preview:large","max-video-preview":"max-video-preview:-1"},"canonical":"https:\/\/www.fysiotech.ee\/et\/polsterdustood\/","og_locale":"et_EE","og_type":"article","og_title":"Polsterdust\u00f6\u00f6d - Fysiotech","og_description":"Fysiotech on tegelenud polsterdus- ja \u00f5mblust\u00f6\u00f6dega juba \u00fcle 20 aasta ning omab selles valdkonnas pikaajalist kogemust. Meie teenuste hulka kuuluvad: Lisaks pakume ka olemasoleva polstri vahetamise teenust. T\u00e4itke palun allolev vorm ning vastame Teie p\u00e4ringule esimesel v\u00f5imalusel.","og_url":"https:\/\/www.fysiotech.ee\/et\/polsterdustood\/","og_site_name":"Fysiotech","article_modified_time":"2025-08-25T19:11:59+00:00","twitter_card":"summary_large_image","schema":{"@context":"https:\/\/schema.org","@graph":[{"@type":"WebPage","@id":"https:\/\/www.fysiotech.ee\/et\/polsterdustood\/","url":"https:\/\/www.fysiotech.ee\/et\/polsterdustood\/","name":"Polsterdust\u00f6\u00f6d - Fysiotech","isPartOf":{"@id":"https:\/\/www.fysiotech.ee\/et\/#website"},"datePublished":"2025-08-25T19:08:08+00:00","dateModified":"2025-08-25T19:11:59+00:00","breadcrumb":{"@id":"https:\/\/www.fysiotech.ee\/et\/polsterdustood\/#breadcrumb"},"inLanguage":"et","potentialAction":[{"@type":"ReadAction","target":["https:\/\/www.fysiotech.ee\/et\/polsterdustood\/"]}]},{"@type":"BreadcrumbList","@id":"https:\/\/www.fysiotech.ee\/et\/polsterdustood\/#breadcrumb","itemListElement":[{"@type":"ListItem","position":1,"name":"Home","item":"https:\/\/www.fysiotech.ee\/et\/"},{"@type":"ListItem","position":2,"name":"Polsterdust\u00f6\u00f6d"}]},{"@type":"WebSite","@id":"https:\/\/www.fysiotech.ee\/et\/#website","url":"https:\/\/www.fysiotech.ee\/et\/","name":"Fysiotech","description":"Professional therapy &amp; treatments tables","publisher":{"@id":"https:\/\/www.fysiotech.ee\/et\/#organization"},"potentialAction":[{"@type":"SearchAction","target":{"@type":"EntryPoint","urlTemplate":"https:\/\/www.fysiotech.ee\/et\/?s={search_term_string}"},"query-input":{"@type":"PropertyValueSpecification","valueRequired":true,"valueName":"search_term_string"}}],"inLanguage":"et"},{"@type":"Organization","@id":"https:\/\/www.fysiotech.ee\/et\/#organization","name":"Fysiotech","url":"https:\/\/www.fysiotech.ee\/et\/","logo":{"@type":"ImageObject","inLanguage":"et","@id":"https:\/\/www.fysiotech.ee\/et\/#\/schema\/logo\/image\/","url":"https:\/\/www.fysiotech.ee\/wp-content\/uploads\/2025\/09\/fysiotech-logo-250902.svg","contentUrl":"https:\/\/www.fysiotech.ee\/wp-content\/uploads\/2025\/09\/fysiotech-logo-250902.svg","width":318,"height":91,"caption":"Fysiotech"},"image":{"@id":"https:\/\/www.fysiotech.ee\/et\/#\/schema\/logo\/image\/"}}]}},"_links":{"self":[{"href":"https:\/\/www.fysiotech.ee\/et\/wp-json\/wp\/v2\/pages\/1672","targetHints":{"allow":["GET"]}}],"collection":[{"href":"https:\/\/www.fysiotech.ee\/et\/wp-json\/wp\/v2\/pages"}],"about":[{"href":"https:\/\/www.fysiotech.ee\/et\/wp-json\/wp\/v2\/types\/page"}],"author":[{"embeddable":true,"href":"https:\/\/www.fysiotech.ee\/et\/wp-json\/wp\/v2\/users\/1"}],"replies":[{"embeddable":true,"href":"https:\/\/www.fysiotech.ee\/et\/wp-json\/wp\/v2\/comments?post=1672"}],"version-history":[{"count":1,"href":"https:\/\/www.fysiotech.ee\/et\/wp-json\/wp\/v2\/pages\/1672\/revisions"}],"predecessor-version":[{"id":1673,"href":"https:\/\/www.fysiotech.ee\/et\/wp-json\/wp\/v2\/pages\/1672\/revisions\/1673"}],"wp:attachment":[{"href":"https:\/\/www.fysiotech.ee\/et\/wp-json\/wp\/v2\/media?parent=1672"}],"curies":[{"name":"wp","href":"https:\/\/api.w.org\/{rel}","templated":true}]}}