{"id":1468,"date":"2025-05-30T11:30:38","date_gmt":"2025-05-30T08:30:38","guid":{"rendered":"https:\/\/www.fysiotech.ee\/tooted\/treat-2\/"},"modified":"2026-04-02T08:59:07","modified_gmt":"2026-04-02T05:59:07","slug":"treat-2","status":"publish","type":"product","link":"https:\/\/www.fysiotech.ee\/et\/toode\/treat-2\/","title":{"rendered":"Treat 2"},"content":{"rendered":"<p>&#8211; Elektrimootoriga k\u00f5rguse reguleerimine 50-90cm (t\u00f5stev\u00f5ime kuni 220kg \/ 485lbs))<br \/>\n&#8211; Pneumaatiline jalal\u00fcliti k\u00f5rguse reguleerimiseks<br \/>\n&#8211; Gaasiamordiga reguleeritav peasektsioon (\u00fcles\/alla)<br \/>\n&#8211; Peaosa patjade laiemaks reguleerimise v\u00f5imalus<br \/>\n&#8211; Gaasiamortidega reguleeritav kehaosa (\u00fcles\/alla)<br \/>\n&#8211; Gaasiamordiga reguleeritav 3D jalaosa (\u00fcles\/alla, vasakule\/paremale)<br \/>\n&#8211; Trendelenburgi positsioon (gaasiamordiga)<br \/>\n&#8211; Esimesed reguleeritavad k\u00e4etoed<br \/>\n&#8211; K\u00fcljek\u00e4etoed (eriti tugevad)<br \/>\n&#8211; Selja manipuleerimise k\u00e4epide (eemaldatav)<br \/>\n&#8211; Transpordirattad<br \/>\n&#8211; Poolkuupadi<br \/>\n&#8211; Raami v\u00e4rv: valge,must v\u00f5i kroom<\/p>\n","protected":false},"excerpt":{"rendered":"<p data-start=\"268\" data-end=\"596\">Unikaalne Treat 2 ravilaud on loodud manuaalteraapiaks ning sobib naprapaatia-, osteopaatia- ja kiropraktika spetsialistidele. Laud on varustatud pneumaatilise ajamis\u00fcsteemiga, mis v\u00f5imaldab reguleerida rinna- ja jalaosa asendit, muutes spetsialisti t\u00f6\u00f6 oluliselt lihtsamaks. Jalaosal on kolmes tasapinnas p\u00f6\u00f6rlemise funktsioon.<\/p>\n<p data-start=\"598\" data-end=\"834\">Mudelite erilise konstruktsiooni t\u00f5ttu kohandub patsiendi kehahoiak lauale asetumisel loomulikult. Laua erinevad asendid v\u00f5imaldavad teostada s\u00fcgavat ja kvaliteetset ravi, tagades maksimaalse mugavuse nii patsiendile kui ka terapeudile.<\/p>\n<p data-start=\"836\" data-end=\"1147\">Selles mudeliseerias on elektrilise k\u00f5rguse reguleerimisega lauad. Lauad on varustatud eesmiste k\u00e4etugede, tugevdatud k\u00fclgmiste k\u00e4etugedega ja ka tugevdatud peatoega ning jalaosa kolmes tasapinnas reguleerimise k\u00e4epidemega.. N\u00e4o-, kesk- ja jalaosa kaldenurki reguleeritakse gaasivedrude abil. Maksimaalne lubatud koormus on 220 kg.<\/p>\n<p data-start=\"1149\" data-end=\"1371\">Mugavuse suurendamiseks on saadaval lisavarustusena teine jalaga juhitav mootoripedaal v\u00f5i magnetiline k\u00e4sijuhtimispult. Samuti on v\u00f5imalik valida suurema laiuse v\u00f5i paksusega pehmendus ning erinevad raami v\u00e4rvilahendused.<\/p>\n<p data-start=\"1373\" data-end=\"1545\">Polsterdus on valmistatud meditsiiniliseks kasutuseks m\u00f5eldud kunstnahast. Lauad on toodetud k\u00f5rgekvaliteedilistest materjalidest, mida tarnivad eranditult Euroopa tootjad.<\/p>\n<p data-start=\"1547\" data-end=\"1736\">K\u00f5ik nimetatud omadused koos kaasaegse disaini ja kasutusmugavusega tagavad k\u00f5rge kvaliteedi ja mugavuse spetsialistile ning aitavad kaasa patsiendi heaolule ka pikemate protseduuride ajal.<\/p>\n","protected":false},"featured_media":1885,"template":"","meta":{"_acf_changed":false,"_et_pb_use_builder":"","_et_pb_old_content":"","_et_gb_content_width":""},"product_brand":[],"product_cat":[113],"product_tag":[],"class_list":{"0":"post-1468","1":"product","2":"type-product","3":"status-publish","4":"has-post-thumbnail","6":"product_cat-treat-lauad","8":"first","9":"instock","10":"purchasable","11":"product-type-simple"},"exclude_global_add_ons":false,"addons":[{"name":"K\u00fcljetugede arv","type":"multiple_choice","position":0,"required":true,"title_format":"label","default":"","description_enable":false,"description":"","placeholder_enable":false,"placeholder":"","display":"select","restrictions_type":"any_text","adjust_price":false,"price":"","price_type":"flat_fee","restrictions":false,"min":"0","max":"0","options":[{"label":"0 tuge","price":"","price_type":"flat_fee","image":0},{"label":"2 k\u00fclgmist tuge","price":"","price_type":"flat_fee","image":0}],"id":1749036113},{"name":"Pehme osa laius","type":"multiple_choice","position":1,"required":true,"title_format":"label","default":"0","description_enable":false,"description":"","placeholder_enable":false,"placeholder":"","display":"select","restrictions_type":"any_text","adjust_price":false,"price":"","price_type":"flat_fee","restrictions":false,"min":"0","max":"0","options":[{"label":"53cm (standard)","price":"","price_type":"flat_fee","image":0},{"label":"60cm","price":"","price_type":"flat_fee","image":0},{"label":"65cm","price":"","price_type":"flat_fee","image":0},{"label":"70cm","price":"","price_type":"flat_fee","image":0}],"id":1749036877},{"name":"Polsterduse paksus","type":"multiple_choice","position":2,"required":true,"title_format":"label","default":"0","description_enable":false,"description":"","placeholder_enable":false,"placeholder":"","display":"select","restrictions_type":"any_text","adjust_price":false,"price":"","price_type":"flat_fee","restrictions":false,"min":"0","max":"0","options":[{"label":"4cm (standard)","price":"","price_type":"flat_fee","image":0},{"label":"5cm","price":"","price_type":"flat_fee","image":0},{"label":"6cm","price":"","price_type":"flat_fee","image":0},{"label":"7cm","price":"","price_type":"flat_fee","image":0}],"id":1749037284},{"name":"Polsterduse v\u00e4rv","type":"multiple_choice","position":3,"required":true,"title_format":"label","default":"","description_enable":false,"description":"","placeholder_enable":false,"placeholder":"","display":"select","restrictions_type":"any_text","adjust_price":false,"price":"","price_type":"flat_fee","restrictions":false,"min":"0","max":"0","options":[{"label":"sinine - 729","price":"","price_type":"flat_fee","image":0},{"label":"helepruun - 983","price":"","price_type":"flat_fee","image":0},{"label":"must - 1033","price":"","price_type":"flat_fee","image":0},{"label":"akvamariin - 1757","price":"","price_type":"flat_fee","image":0},{"label":"oliiv - 3119","price":"","price_type":"flat_fee","image":0},{"label":"punane - 1271","price":"","price_type":"flat_fee","image":0},{"label":"savi - 1709","price":"","price_type":"flat_fee","image":0},{"label":"hall - 3120","price":"","price_type":"flat_fee","image":0},{"label":"valge - 534","price":"","price_type":"flat_fee","image":0},{"label":"Individuaalne toon","price":"","price_type":"flat_fee","image":0}],"id":1749037285},{"name":"Raami v\u00e4rv","type":"multiple_choice","position":4,"required":true,"title_format":"label","default":"0","description_enable":false,"description":"","placeholder_enable":false,"placeholder":"","display":"select","restrictions_type":"any_text","adjust_price":false,"price":"","price_type":"flat_fee","restrictions":false,"min":"0","max":"0","options":[{"label":"valge (standard)","price":"","price_type":"flat_fee","image":0},{"label":"must","price":"","price_type":"flat_fee","image":0},{"label":"hall","price":"","price_type":"flat_fee","image":0},{"label":"RAL-v\u00e4rvikaardi j\u00e4rgi","price":"","price_type":"flat_fee","image":0}],"id":1749037286},{"name":"Lisavarustus","type":"checkbox","position":5,"required":false,"title_format":"label","default":"","description_enable":false,"description":"","placeholder_enable":false,"placeholder":"","display":"select","restrictions_type":"any_text","adjust_price":false,"price":"","price_type":"flat_fee","restrictions":false,"min":"0","max":"0","options":[{"label":"T\u00e4iendav \/ teine jalal\u00fcliti (10902)","price":"","price_type":"flat_fee","image":0},{"label":"K\u00e4sil\u00fcliti magnetiga (10905)","price":"","price_type":"flat_fee","image":0},{"label":"Eraldi lukustatavad rattad (75mm)","price":"","price_type":"flat_fee","image":0}],"id":1749036112}],"acf":[],"yoast_head":"<!-- This site is optimized with the Yoast SEO plugin v27.4 - https:\/\/yoast.com\/product\/yoast-seo-wordpress\/ -->\n<title>Manuaalteraapia laud Treat 2 - Fysiotech<\/title>\n<meta name=\"description\" content=\"Treat 2 on kvaliteetne manuaalteraapia laud f\u00fcsioterapeutidele, naprapaatidele, osteopaatidele ning kiropraktikutele. Reguleeritav k\u00f5rgus, tugev konstruktsioon ja mugav disain igap\u00e4evaseks kasutamiseks. Tutvu l\u00e4hemalt Fysiotechis!\" \/>\n<meta name=\"robots\" content=\"index, follow, max-snippet:-1, max-image-preview:large, max-video-preview:-1\" \/>\n<link rel=\"canonical\" href=\"https:\/\/www.fysiotech.ee\/et\/toode\/treat-2\/\" \/>\n<meta property=\"og:locale\" content=\"et_EE\" \/>\n<meta property=\"og:type\" content=\"article\" \/>\n<meta property=\"og:title\" content=\"Manuaalteraapia laud Treat 2 - Fysiotech\" \/>\n<meta property=\"og:description\" content=\"Treat 2 on kvaliteetne manuaalteraapia laud f\u00fcsioterapeutidele, naprapaatidele, osteopaatidele ning kiropraktikutele. Reguleeritav k\u00f5rgus, tugev konstruktsioon ja mugav disain igap\u00e4evaseks kasutamiseks. Tutvu l\u00e4hemalt Fysiotechis!\" \/>\n<meta property=\"og:url\" content=\"https:\/\/www.fysiotech.ee\/et\/toode\/treat-2\/\" \/>\n<meta property=\"og:site_name\" content=\"Fysiotech\" \/>\n<meta property=\"article:modified_time\" content=\"2026-04-02T05:59:07+00:00\" \/>\n<meta property=\"og:image\" content=\"https:\/\/www.fysiotech.ee\/wp-content\/uploads\/2025\/05\/Treat-2_16x9.jpg\" \/>\n\t<meta property=\"og:image:width\" content=\"1920\" \/>\n\t<meta property=\"og:image:height\" content=\"1080\" \/>\n\t<meta property=\"og:image:type\" content=\"image\/jpeg\" \/>\n<meta name=\"twitter:card\" content=\"summary_large_image\" \/>\n<meta name=\"twitter:label1\" content=\"Est. reading time\" \/>\n\t<meta name=\"twitter:data1\" content=\"1 minut\" \/>\n<script type=\"application\/ld+json\" class=\"yoast-schema-graph\">{\"@context\":\"https:\\\/\\\/schema.org\",\"@graph\":[{\"@type\":\"WebPage\",\"@id\":\"https:\\\/\\\/www.fysiotech.ee\\\/et\\\/toode\\\/treat-2\\\/\",\"url\":\"https:\\\/\\\/www.fysiotech.ee\\\/et\\\/toode\\\/treat-2\\\/\",\"name\":\"Manuaalteraapia laud Treat 2 - Fysiotech\",\"isPartOf\":{\"@id\":\"https:\\\/\\\/www.fysiotech.ee\\\/et\\\/#website\"},\"primaryImageOfPage\":{\"@id\":\"https:\\\/\\\/www.fysiotech.ee\\\/et\\\/toode\\\/treat-2\\\/#primaryimage\"},\"image\":{\"@id\":\"https:\\\/\\\/www.fysiotech.ee\\\/et\\\/toode\\\/treat-2\\\/#primaryimage\"},\"thumbnailUrl\":\"https:\\\/\\\/www.fysiotech.ee\\\/wp-content\\\/uploads\\\/2025\\\/05\\\/Treat-2_16x9.jpg\",\"datePublished\":\"2025-05-30T08:30:38+00:00\",\"dateModified\":\"2026-04-02T05:59:07+00:00\",\"description\":\"Treat 2 on kvaliteetne manuaalteraapia laud f\u00fcsioterapeutidele, naprapaatidele, osteopaatidele ning kiropraktikutele. Reguleeritav k\u00f5rgus, tugev konstruktsioon ja mugav disain igap\u00e4evaseks kasutamiseks. Tutvu l\u00e4hemalt Fysiotechis!\",\"breadcrumb\":{\"@id\":\"https:\\\/\\\/www.fysiotech.ee\\\/et\\\/toode\\\/treat-2\\\/#breadcrumb\"},\"inLanguage\":\"et\",\"potentialAction\":[{\"@type\":\"ReadAction\",\"target\":[\"https:\\\/\\\/www.fysiotech.ee\\\/et\\\/toode\\\/treat-2\\\/\"]}]},{\"@type\":\"ImageObject\",\"inLanguage\":\"et\",\"@id\":\"https:\\\/\\\/www.fysiotech.ee\\\/et\\\/toode\\\/treat-2\\\/#primaryimage\",\"url\":\"https:\\\/\\\/www.fysiotech.ee\\\/wp-content\\\/uploads\\\/2025\\\/05\\\/Treat-2_16x9.jpg\",\"contentUrl\":\"https:\\\/\\\/www.fysiotech.ee\\\/wp-content\\\/uploads\\\/2025\\\/05\\\/Treat-2_16x9.jpg\",\"width\":1920,\"height\":1080},{\"@type\":\"BreadcrumbList\",\"@id\":\"https:\\\/\\\/www.fysiotech.ee\\\/et\\\/toode\\\/treat-2\\\/#breadcrumb\",\"itemListElement\":[{\"@type\":\"ListItem\",\"position\":1,\"name\":\"Home\",\"item\":\"https:\\\/\\\/www.fysiotech.ee\\\/et\\\/\"},{\"@type\":\"ListItem\",\"position\":2,\"name\":\"Pood\",\"item\":\"https:\\\/\\\/www.fysiotech.ee\\\/et\\\/pood\\\/\"},{\"@type\":\"ListItem\",\"position\":3,\"name\":\"Treat 2\"}]},{\"@type\":\"WebSite\",\"@id\":\"https:\\\/\\\/www.fysiotech.ee\\\/et\\\/#website\",\"url\":\"https:\\\/\\\/www.fysiotech.ee\\\/et\\\/\",\"name\":\"Fysiotech\",\"description\":\"Professional therapy &amp; treatments tables\",\"publisher\":{\"@id\":\"https:\\\/\\\/www.fysiotech.ee\\\/et\\\/#organization\"},\"potentialAction\":[{\"@type\":\"SearchAction\",\"target\":{\"@type\":\"EntryPoint\",\"urlTemplate\":\"https:\\\/\\\/www.fysiotech.ee\\\/et\\\/?s={search_term_string}\"},\"query-input\":{\"@type\":\"PropertyValueSpecification\",\"valueRequired\":true,\"valueName\":\"search_term_string\"}}],\"inLanguage\":\"et\"},{\"@type\":\"Organization\",\"@id\":\"https:\\\/\\\/www.fysiotech.ee\\\/et\\\/#organization\",\"name\":\"Fysiotech\",\"url\":\"https:\\\/\\\/www.fysiotech.ee\\\/et\\\/\",\"logo\":{\"@type\":\"ImageObject\",\"inLanguage\":\"et\",\"@id\":\"https:\\\/\\\/www.fysiotech.ee\\\/et\\\/#\\\/schema\\\/logo\\\/image\\\/\",\"url\":\"https:\\\/\\\/www.fysiotech.ee\\\/wp-content\\\/uploads\\\/2025\\\/09\\\/fysiotech-logo-250902.svg\",\"contentUrl\":\"https:\\\/\\\/www.fysiotech.ee\\\/wp-content\\\/uploads\\\/2025\\\/09\\\/fysiotech-logo-250902.svg\",\"width\":318,\"height\":91,\"caption\":\"Fysiotech\"},\"image\":{\"@id\":\"https:\\\/\\\/www.fysiotech.ee\\\/et\\\/#\\\/schema\\\/logo\\\/image\\\/\"}}]}<\/script>\n<!-- \/ Yoast SEO plugin. -->","yoast_head_json":{"title":"Manuaalteraapia laud Treat 2 - Fysiotech","description":"Treat 2 on kvaliteetne manuaalteraapia laud f\u00fcsioterapeutidele, naprapaatidele, osteopaatidele ning kiropraktikutele. Reguleeritav k\u00f5rgus, tugev konstruktsioon ja mugav disain igap\u00e4evaseks kasutamiseks. Tutvu l\u00e4hemalt Fysiotechis!","robots":{"index":"index","follow":"follow","max-snippet":"max-snippet:-1","max-image-preview":"max-image-preview:large","max-video-preview":"max-video-preview:-1"},"canonical":"https:\/\/www.fysiotech.ee\/et\/toode\/treat-2\/","og_locale":"et_EE","og_type":"article","og_title":"Manuaalteraapia laud Treat 2 - Fysiotech","og_description":"Treat 2 on kvaliteetne manuaalteraapia laud f\u00fcsioterapeutidele, naprapaatidele, osteopaatidele ning kiropraktikutele. Reguleeritav k\u00f5rgus, tugev konstruktsioon ja mugav disain igap\u00e4evaseks kasutamiseks. Tutvu l\u00e4hemalt Fysiotechis!","og_url":"https:\/\/www.fysiotech.ee\/et\/toode\/treat-2\/","og_site_name":"Fysiotech","article_modified_time":"2026-04-02T05:59:07+00:00","og_image":[{"width":1920,"height":1080,"url":"https:\/\/www.fysiotech.ee\/wp-content\/uploads\/2025\/05\/Treat-2_16x9.jpg","type":"image\/jpeg"}],"twitter_card":"summary_large_image","twitter_misc":{"Est. reading time":"1 minut"},"schema":{"@context":"https:\/\/schema.org","@graph":[{"@type":"WebPage","@id":"https:\/\/www.fysiotech.ee\/et\/toode\/treat-2\/","url":"https:\/\/www.fysiotech.ee\/et\/toode\/treat-2\/","name":"Manuaalteraapia laud Treat 2 - Fysiotech","isPartOf":{"@id":"https:\/\/www.fysiotech.ee\/et\/#website"},"primaryImageOfPage":{"@id":"https:\/\/www.fysiotech.ee\/et\/toode\/treat-2\/#primaryimage"},"image":{"@id":"https:\/\/www.fysiotech.ee\/et\/toode\/treat-2\/#primaryimage"},"thumbnailUrl":"https:\/\/www.fysiotech.ee\/wp-content\/uploads\/2025\/05\/Treat-2_16x9.jpg","datePublished":"2025-05-30T08:30:38+00:00","dateModified":"2026-04-02T05:59:07+00:00","description":"Treat 2 on kvaliteetne manuaalteraapia laud f\u00fcsioterapeutidele, naprapaatidele, osteopaatidele ning kiropraktikutele. Reguleeritav k\u00f5rgus, tugev konstruktsioon ja mugav disain igap\u00e4evaseks kasutamiseks. Tutvu l\u00e4hemalt Fysiotechis!","breadcrumb":{"@id":"https:\/\/www.fysiotech.ee\/et\/toode\/treat-2\/#breadcrumb"},"inLanguage":"et","potentialAction":[{"@type":"ReadAction","target":["https:\/\/www.fysiotech.ee\/et\/toode\/treat-2\/"]}]},{"@type":"ImageObject","inLanguage":"et","@id":"https:\/\/www.fysiotech.ee\/et\/toode\/treat-2\/#primaryimage","url":"https:\/\/www.fysiotech.ee\/wp-content\/uploads\/2025\/05\/Treat-2_16x9.jpg","contentUrl":"https:\/\/www.fysiotech.ee\/wp-content\/uploads\/2025\/05\/Treat-2_16x9.jpg","width":1920,"height":1080},{"@type":"BreadcrumbList","@id":"https:\/\/www.fysiotech.ee\/et\/toode\/treat-2\/#breadcrumb","itemListElement":[{"@type":"ListItem","position":1,"name":"Home","item":"https:\/\/www.fysiotech.ee\/et\/"},{"@type":"ListItem","position":2,"name":"Pood","item":"https:\/\/www.fysiotech.ee\/et\/pood\/"},{"@type":"ListItem","position":3,"name":"Treat 2"}]},{"@type":"WebSite","@id":"https:\/\/www.fysiotech.ee\/et\/#website","url":"https:\/\/www.fysiotech.ee\/et\/","name":"Fysiotech","description":"Professional therapy &amp; treatments tables","publisher":{"@id":"https:\/\/www.fysiotech.ee\/et\/#organization"},"potentialAction":[{"@type":"SearchAction","target":{"@type":"EntryPoint","urlTemplate":"https:\/\/www.fysiotech.ee\/et\/?s={search_term_string}"},"query-input":{"@type":"PropertyValueSpecification","valueRequired":true,"valueName":"search_term_string"}}],"inLanguage":"et"},{"@type":"Organization","@id":"https:\/\/www.fysiotech.ee\/et\/#organization","name":"Fysiotech","url":"https:\/\/www.fysiotech.ee\/et\/","logo":{"@type":"ImageObject","inLanguage":"et","@id":"https:\/\/www.fysiotech.ee\/et\/#\/schema\/logo\/image\/","url":"https:\/\/www.fysiotech.ee\/wp-content\/uploads\/2025\/09\/fysiotech-logo-250902.svg","contentUrl":"https:\/\/www.fysiotech.ee\/wp-content\/uploads\/2025\/09\/fysiotech-logo-250902.svg","width":318,"height":91,"caption":"Fysiotech"},"image":{"@id":"https:\/\/www.fysiotech.ee\/et\/#\/schema\/logo\/image\/"}}]}},"_links":{"self":[{"href":"https:\/\/www.fysiotech.ee\/et\/wp-json\/wp\/v2\/product\/1468","targetHints":{"allow":["GET"]}}],"collection":[{"href":"https:\/\/www.fysiotech.ee\/et\/wp-json\/wp\/v2\/product"}],"about":[{"href":"https:\/\/www.fysiotech.ee\/et\/wp-json\/wp\/v2\/types\/product"}],"wp:featuredmedia":[{"embeddable":true,"href":"https:\/\/www.fysiotech.ee\/et\/wp-json\/wp\/v2\/media\/1885"}],"wp:attachment":[{"href":"https:\/\/www.fysiotech.ee\/et\/wp-json\/wp\/v2\/media?parent=1468"}],"wp:term":[{"taxonomy":"product_brand","embeddable":true,"href":"https:\/\/www.fysiotech.ee\/et\/wp-json\/wp\/v2\/product_brand?post=1468"},{"taxonomy":"product_cat","embeddable":true,"href":"https:\/\/www.fysiotech.ee\/et\/wp-json\/wp\/v2\/product_cat?post=1468"},{"taxonomy":"product_tag","embeddable":true,"href":"https:\/\/www.fysiotech.ee\/et\/wp-json\/wp\/v2\/product_tag?post=1468"}],"curies":[{"name":"wp","href":"https:\/\/api.w.org\/{rel}","templated":true}]}}