{"id":1474,"date":"2025-05-30T11:51:57","date_gmt":"2025-05-30T08:51:57","guid":{"rendered":"https:\/\/www.fysiotech.ee\/tooted\/medistar-bx2\/"},"modified":"2026-02-13T12:03:57","modified_gmt":"2026-02-13T10:03:57","slug":"medistar-bx2","status":"publish","type":"product","link":"https:\/\/www.fysiotech.ee\/et\/toode\/medistar-bx2\/","title":{"rendered":"Medistar BX2"},"content":{"rendered":"<p>&#8211; Elektrimootoriga k\u00f5rguse reguleerimine 44-88cm (t\u00f5stev\u00f5ime kuni 200kg \/ 440lbs)<br \/>\n&#8211; Jalal\u00fcliti k\u00f5rguse reguleerimiseks<br \/>\n&#8211; Elektrimootoriga seljaosa reguleerimine (\u00fcles\/alla)<br \/>\n&#8211; Paberirulli hoidik<br \/>\n&#8211; Kesklukustusega rataste s\u00fcsteem 100mm<br \/>\n&#8211; Trendelenburgi positsioon (gaasiamordiga)<br \/>\n&#8211; K\u00e4sil\u00fcliti seljaosa reguleerimiseks<br \/>\n&#8211; Raami v\u00e4rv: valge<\/p>\n","protected":false},"excerpt":{"rendered":"<p>&#8211; Elektrimootoriga k\u00f5rguse reguleerimine 44-88cm (t\u00f5stev\u00f5ime kuni 200kg \/ 440lbs) &#8211; Jalal\u00fcliti k\u00f5rguse reguleerimiseks &#8211; Elektrimootoriga seljaosa reguleerimine (\u00fcles\/alla) &#8211; Paberirulli hoidik &#8211; Kesklukustusega rataste s\u00fcsteem 100mm &#8211; Trendelenburgi positsioon (gaasiamordiga) &#8211; K\u00e4sil\u00fcliti seljaosa reguleerimiseks &#8211; Raami v\u00e4rv: valge<\/p>\n","protected":false},"featured_media":2807,"template":"","meta":{"_acf_changed":false,"_et_pb_use_builder":"","_et_pb_old_content":"","_et_gb_content_width":""},"product_brand":[],"product_cat":[121],"product_tag":[],"class_list":{"0":"post-1474","1":"product","2":"type-product","3":"status-publish","4":"has-post-thumbnail","6":"product_cat-haiglate-labivaatuslauad","8":"first","9":"instock","10":"purchasable","11":"product-type-simple"},"exclude_global_add_ons":false,"addons":[{"name":"Pehme osa laius","type":"multiple_choice","position":0,"required":true,"title_format":"label","default":"0","description_enable":false,"description":"","placeholder_enable":false,"placeholder":"","display":"select","restrictions_type":"any_text","adjust_price":false,"price":"","price_type":"flat_fee","restrictions":false,"min":"0","max":"0","options":[{"label":"68cm (standard)","price":"","price_type":"flat_fee","image":0},{"label":"75cm","price":"","price_type":"flat_fee","image":0}],"id":1749036877},{"name":"Polsterduse paksus","type":"multiple_choice","position":1,"required":true,"title_format":"label","default":"0","description_enable":false,"description":"","placeholder_enable":false,"placeholder":"","display":"select","restrictions_type":"any_text","adjust_price":false,"price":"","price_type":"flat_fee","restrictions":false,"min":"0","max":"0","options":[{"label":"4cm (standard)","price":"","price_type":"flat_fee","image":0},{"label":"5cm","price":"","price_type":"flat_fee","image":0},{"label":"6cm","price":"","price_type":"flat_fee","image":0},{"label":"7cm","price":"","price_type":"flat_fee","image":0}],"id":1749037284},{"name":"Polsterduse v\u00e4rv","type":"multiple_choice","position":2,"required":true,"title_format":"label","default":"","description_enable":false,"description":"","placeholder_enable":false,"placeholder":"","display":"select","restrictions_type":"any_text","adjust_price":false,"price":"","price_type":"flat_fee","restrictions":false,"min":"0","max":"0","options":[{"label":"sinine - 729","price":"","price_type":"flat_fee","image":0},{"label":"helepruun - 983","price":"","price_type":"flat_fee","image":0},{"label":"must - 1033","price":"","price_type":"flat_fee","image":0},{"label":"akvamariin - 1757","price":"","price_type":"flat_fee","image":0},{"label":"oliiv - 3119","price":"","price_type":"flat_fee","image":0},{"label":"punane - 1271","price":"","price_type":"flat_fee","image":0},{"label":"savi - 1709","price":"","price_type":"flat_fee","image":0},{"label":"hall - 3120","price":"","price_type":"flat_fee","image":0},{"label":"valge - 534","price":"","price_type":"flat_fee","image":0},{"label":"Individuaalne toon","price":"","price_type":"flat_fee","image":0}],"id":1749037285},{"name":"Raami v\u00e4rv","type":"multiple_choice","position":3,"required":true,"title_format":"label","default":"0","description_enable":false,"description":"","placeholder_enable":false,"placeholder":"","display":"select","restrictions_type":"any_text","adjust_price":false,"price":"","price_type":"flat_fee","restrictions":false,"min":"0","max":"0","options":[{"label":"valge (standard)","price":"","price_type":"flat_fee","image":0},{"label":"must","price":"","price_type":"flat_fee","image":0},{"label":"hall","price":"","price_type":"flat_fee","image":0},{"label":"RAL-v\u00e4rvikaardi j\u00e4rgi","price":"","price_type":"flat_fee","image":0}],"id":1749037286},{"name":"Lisavarustus","type":"checkbox","position":4,"required":false,"title_format":"label","default":"","description_enable":false,"description":"","placeholder_enable":false,"placeholder":"","display":"select","restrictions_type":"any_text","adjust_price":false,"price":"","price_type":"flat_fee","restrictions":false,"min":"0","max":"0","options":[{"label":"T\u00e4iendav \/ teine jalal\u00fcliti (10902)","price":"","price_type":"flat_fee","image":0},{"label":"Raamile kinnitatav jalal\u00fcliti alus (10904)","price":"","price_type":"flat_fee","image":0},{"label":"K\u00e4sil\u00fcliti magnetiga (10905)","price":"","price_type":"flat_fee","image":0},{"label":"Reelingud 10 x 1000mm","price":"","price_type":"flat_fee","image":0}],"id":1749036112}],"acf":[],"yoast_head":"<!-- This site is optimized with the Yoast SEO plugin v27.4 - https:\/\/yoast.com\/product\/yoast-seo-wordpress\/ -->\n<title>Haiglate l\u00e4bivaatuse laud Medistar BX2 - Fysiotech<\/title>\n<meta name=\"description\" content=\"Medistar BX2 on kasutajas\u00f5bralik elektriline X-raamiga l\u00e4bivaatuslaud, mis pakub suurep\u00e4rast stabiilsust, sujuvat vertikaalset k\u00f5rguse reguleerimist ja mugavust igap\u00e4evaseks kliiniliseks kasutuseks. Tutvu l\u00e4hemalt Fysiotechis!\" \/>\n<meta name=\"robots\" content=\"index, follow, max-snippet:-1, max-image-preview:large, max-video-preview:-1\" \/>\n<link rel=\"canonical\" href=\"https:\/\/www.fysiotech.ee\/et\/toode\/medistar-bx2\/\" \/>\n<meta property=\"og:locale\" content=\"et_EE\" \/>\n<meta property=\"og:type\" content=\"article\" \/>\n<meta property=\"og:title\" content=\"Haiglate l\u00e4bivaatuse laud Medistar BX2 - Fysiotech\" \/>\n<meta property=\"og:description\" content=\"Medistar BX2 on kasutajas\u00f5bralik elektriline X-raamiga l\u00e4bivaatuslaud, mis pakub suurep\u00e4rast stabiilsust, sujuvat vertikaalset k\u00f5rguse reguleerimist ja mugavust igap\u00e4evaseks kliiniliseks kasutuseks. Tutvu l\u00e4hemalt Fysiotechis!\" \/>\n<meta property=\"og:url\" content=\"https:\/\/www.fysiotech.ee\/et\/toode\/medistar-bx2\/\" \/>\n<meta property=\"og:site_name\" content=\"Fysiotech\" \/>\n<meta property=\"article:modified_time\" content=\"2026-02-13T10:03:57+00:00\" \/>\n<meta property=\"og:image\" content=\"https:\/\/www.fysiotech.ee\/wp-content\/uploads\/2025\/05\/Medistar-BX2-1-16.9.jpeg\" \/>\n\t<meta property=\"og:image:width\" content=\"1280\" \/>\n\t<meta property=\"og:image:height\" content=\"720\" \/>\n\t<meta property=\"og:image:type\" content=\"image\/jpeg\" \/>\n<meta name=\"twitter:card\" content=\"summary_large_image\" \/>\n<meta name=\"twitter:label1\" content=\"Est. reading time\" \/>\n\t<meta name=\"twitter:data1\" content=\"1 minut\" \/>\n<script type=\"application\/ld+json\" class=\"yoast-schema-graph\">{\"@context\":\"https:\\\/\\\/schema.org\",\"@graph\":[{\"@type\":\"WebPage\",\"@id\":\"https:\\\/\\\/www.fysiotech.ee\\\/et\\\/toode\\\/medistar-bx2\\\/\",\"url\":\"https:\\\/\\\/www.fysiotech.ee\\\/et\\\/toode\\\/medistar-bx2\\\/\",\"name\":\"Haiglate l\u00e4bivaatuse laud Medistar BX2 - Fysiotech\",\"isPartOf\":{\"@id\":\"https:\\\/\\\/www.fysiotech.ee\\\/et\\\/#website\"},\"primaryImageOfPage\":{\"@id\":\"https:\\\/\\\/www.fysiotech.ee\\\/et\\\/toode\\\/medistar-bx2\\\/#primaryimage\"},\"image\":{\"@id\":\"https:\\\/\\\/www.fysiotech.ee\\\/et\\\/toode\\\/medistar-bx2\\\/#primaryimage\"},\"thumbnailUrl\":\"https:\\\/\\\/www.fysiotech.ee\\\/wp-content\\\/uploads\\\/2025\\\/05\\\/Medistar-BX2-1-16.9.jpeg\",\"datePublished\":\"2025-05-30T08:51:57+00:00\",\"dateModified\":\"2026-02-13T10:03:57+00:00\",\"description\":\"Medistar BX2 on kasutajas\u00f5bralik elektriline X-raamiga l\u00e4bivaatuslaud, mis pakub suurep\u00e4rast stabiilsust, sujuvat vertikaalset k\u00f5rguse reguleerimist ja mugavust igap\u00e4evaseks kliiniliseks kasutuseks. Tutvu l\u00e4hemalt Fysiotechis!\",\"breadcrumb\":{\"@id\":\"https:\\\/\\\/www.fysiotech.ee\\\/et\\\/toode\\\/medistar-bx2\\\/#breadcrumb\"},\"inLanguage\":\"et\",\"potentialAction\":[{\"@type\":\"ReadAction\",\"target\":[\"https:\\\/\\\/www.fysiotech.ee\\\/et\\\/toode\\\/medistar-bx2\\\/\"]}]},{\"@type\":\"ImageObject\",\"inLanguage\":\"et\",\"@id\":\"https:\\\/\\\/www.fysiotech.ee\\\/et\\\/toode\\\/medistar-bx2\\\/#primaryimage\",\"url\":\"https:\\\/\\\/www.fysiotech.ee\\\/wp-content\\\/uploads\\\/2025\\\/05\\\/Medistar-BX2-1-16.9.jpeg\",\"contentUrl\":\"https:\\\/\\\/www.fysiotech.ee\\\/wp-content\\\/uploads\\\/2025\\\/05\\\/Medistar-BX2-1-16.9.jpeg\",\"width\":1280,\"height\":720},{\"@type\":\"BreadcrumbList\",\"@id\":\"https:\\\/\\\/www.fysiotech.ee\\\/et\\\/toode\\\/medistar-bx2\\\/#breadcrumb\",\"itemListElement\":[{\"@type\":\"ListItem\",\"position\":1,\"name\":\"Home\",\"item\":\"https:\\\/\\\/www.fysiotech.ee\\\/et\\\/\"},{\"@type\":\"ListItem\",\"position\":2,\"name\":\"Pood\",\"item\":\"https:\\\/\\\/www.fysiotech.ee\\\/et\\\/pood\\\/\"},{\"@type\":\"ListItem\",\"position\":3,\"name\":\"Medistar BX2\"}]},{\"@type\":\"WebSite\",\"@id\":\"https:\\\/\\\/www.fysiotech.ee\\\/et\\\/#website\",\"url\":\"https:\\\/\\\/www.fysiotech.ee\\\/et\\\/\",\"name\":\"Fysiotech\",\"description\":\"Professional therapy &amp; treatments tables\",\"publisher\":{\"@id\":\"https:\\\/\\\/www.fysiotech.ee\\\/et\\\/#organization\"},\"potentialAction\":[{\"@type\":\"SearchAction\",\"target\":{\"@type\":\"EntryPoint\",\"urlTemplate\":\"https:\\\/\\\/www.fysiotech.ee\\\/et\\\/?s={search_term_string}\"},\"query-input\":{\"@type\":\"PropertyValueSpecification\",\"valueRequired\":true,\"valueName\":\"search_term_string\"}}],\"inLanguage\":\"et\"},{\"@type\":\"Organization\",\"@id\":\"https:\\\/\\\/www.fysiotech.ee\\\/et\\\/#organization\",\"name\":\"Fysiotech\",\"url\":\"https:\\\/\\\/www.fysiotech.ee\\\/et\\\/\",\"logo\":{\"@type\":\"ImageObject\",\"inLanguage\":\"et\",\"@id\":\"https:\\\/\\\/www.fysiotech.ee\\\/et\\\/#\\\/schema\\\/logo\\\/image\\\/\",\"url\":\"https:\\\/\\\/www.fysiotech.ee\\\/wp-content\\\/uploads\\\/2025\\\/09\\\/fysiotech-logo-250902.svg\",\"contentUrl\":\"https:\\\/\\\/www.fysiotech.ee\\\/wp-content\\\/uploads\\\/2025\\\/09\\\/fysiotech-logo-250902.svg\",\"width\":318,\"height\":91,\"caption\":\"Fysiotech\"},\"image\":{\"@id\":\"https:\\\/\\\/www.fysiotech.ee\\\/et\\\/#\\\/schema\\\/logo\\\/image\\\/\"}}]}<\/script>\n<!-- \/ Yoast SEO plugin. -->","yoast_head_json":{"title":"Haiglate l\u00e4bivaatuse laud Medistar BX2 - Fysiotech","description":"Medistar BX2 on kasutajas\u00f5bralik elektriline X-raamiga l\u00e4bivaatuslaud, mis pakub suurep\u00e4rast stabiilsust, sujuvat vertikaalset k\u00f5rguse reguleerimist ja mugavust igap\u00e4evaseks kliiniliseks kasutuseks. Tutvu l\u00e4hemalt Fysiotechis!","robots":{"index":"index","follow":"follow","max-snippet":"max-snippet:-1","max-image-preview":"max-image-preview:large","max-video-preview":"max-video-preview:-1"},"canonical":"https:\/\/www.fysiotech.ee\/et\/toode\/medistar-bx2\/","og_locale":"et_EE","og_type":"article","og_title":"Haiglate l\u00e4bivaatuse laud Medistar BX2 - Fysiotech","og_description":"Medistar BX2 on kasutajas\u00f5bralik elektriline X-raamiga l\u00e4bivaatuslaud, mis pakub suurep\u00e4rast stabiilsust, sujuvat vertikaalset k\u00f5rguse reguleerimist ja mugavust igap\u00e4evaseks kliiniliseks kasutuseks. Tutvu l\u00e4hemalt Fysiotechis!","og_url":"https:\/\/www.fysiotech.ee\/et\/toode\/medistar-bx2\/","og_site_name":"Fysiotech","article_modified_time":"2026-02-13T10:03:57+00:00","og_image":[{"width":1280,"height":720,"url":"https:\/\/www.fysiotech.ee\/wp-content\/uploads\/2025\/05\/Medistar-BX2-1-16.9.jpeg","type":"image\/jpeg"}],"twitter_card":"summary_large_image","twitter_misc":{"Est. reading time":"1 minut"},"schema":{"@context":"https:\/\/schema.org","@graph":[{"@type":"WebPage","@id":"https:\/\/www.fysiotech.ee\/et\/toode\/medistar-bx2\/","url":"https:\/\/www.fysiotech.ee\/et\/toode\/medistar-bx2\/","name":"Haiglate l\u00e4bivaatuse laud Medistar BX2 - Fysiotech","isPartOf":{"@id":"https:\/\/www.fysiotech.ee\/et\/#website"},"primaryImageOfPage":{"@id":"https:\/\/www.fysiotech.ee\/et\/toode\/medistar-bx2\/#primaryimage"},"image":{"@id":"https:\/\/www.fysiotech.ee\/et\/toode\/medistar-bx2\/#primaryimage"},"thumbnailUrl":"https:\/\/www.fysiotech.ee\/wp-content\/uploads\/2025\/05\/Medistar-BX2-1-16.9.jpeg","datePublished":"2025-05-30T08:51:57+00:00","dateModified":"2026-02-13T10:03:57+00:00","description":"Medistar BX2 on kasutajas\u00f5bralik elektriline X-raamiga l\u00e4bivaatuslaud, mis pakub suurep\u00e4rast stabiilsust, sujuvat vertikaalset k\u00f5rguse reguleerimist ja mugavust igap\u00e4evaseks kliiniliseks kasutuseks. Tutvu l\u00e4hemalt Fysiotechis!","breadcrumb":{"@id":"https:\/\/www.fysiotech.ee\/et\/toode\/medistar-bx2\/#breadcrumb"},"inLanguage":"et","potentialAction":[{"@type":"ReadAction","target":["https:\/\/www.fysiotech.ee\/et\/toode\/medistar-bx2\/"]}]},{"@type":"ImageObject","inLanguage":"et","@id":"https:\/\/www.fysiotech.ee\/et\/toode\/medistar-bx2\/#primaryimage","url":"https:\/\/www.fysiotech.ee\/wp-content\/uploads\/2025\/05\/Medistar-BX2-1-16.9.jpeg","contentUrl":"https:\/\/www.fysiotech.ee\/wp-content\/uploads\/2025\/05\/Medistar-BX2-1-16.9.jpeg","width":1280,"height":720},{"@type":"BreadcrumbList","@id":"https:\/\/www.fysiotech.ee\/et\/toode\/medistar-bx2\/#breadcrumb","itemListElement":[{"@type":"ListItem","position":1,"name":"Home","item":"https:\/\/www.fysiotech.ee\/et\/"},{"@type":"ListItem","position":2,"name":"Pood","item":"https:\/\/www.fysiotech.ee\/et\/pood\/"},{"@type":"ListItem","position":3,"name":"Medistar BX2"}]},{"@type":"WebSite","@id":"https:\/\/www.fysiotech.ee\/et\/#website","url":"https:\/\/www.fysiotech.ee\/et\/","name":"Fysiotech","description":"Professional therapy &amp; treatments tables","publisher":{"@id":"https:\/\/www.fysiotech.ee\/et\/#organization"},"potentialAction":[{"@type":"SearchAction","target":{"@type":"EntryPoint","urlTemplate":"https:\/\/www.fysiotech.ee\/et\/?s={search_term_string}"},"query-input":{"@type":"PropertyValueSpecification","valueRequired":true,"valueName":"search_term_string"}}],"inLanguage":"et"},{"@type":"Organization","@id":"https:\/\/www.fysiotech.ee\/et\/#organization","name":"Fysiotech","url":"https:\/\/www.fysiotech.ee\/et\/","logo":{"@type":"ImageObject","inLanguage":"et","@id":"https:\/\/www.fysiotech.ee\/et\/#\/schema\/logo\/image\/","url":"https:\/\/www.fysiotech.ee\/wp-content\/uploads\/2025\/09\/fysiotech-logo-250902.svg","contentUrl":"https:\/\/www.fysiotech.ee\/wp-content\/uploads\/2025\/09\/fysiotech-logo-250902.svg","width":318,"height":91,"caption":"Fysiotech"},"image":{"@id":"https:\/\/www.fysiotech.ee\/et\/#\/schema\/logo\/image\/"}}]}},"_links":{"self":[{"href":"https:\/\/www.fysiotech.ee\/et\/wp-json\/wp\/v2\/product\/1474","targetHints":{"allow":["GET"]}}],"collection":[{"href":"https:\/\/www.fysiotech.ee\/et\/wp-json\/wp\/v2\/product"}],"about":[{"href":"https:\/\/www.fysiotech.ee\/et\/wp-json\/wp\/v2\/types\/product"}],"wp:featuredmedia":[{"embeddable":true,"href":"https:\/\/www.fysiotech.ee\/et\/wp-json\/wp\/v2\/media\/2807"}],"wp:attachment":[{"href":"https:\/\/www.fysiotech.ee\/et\/wp-json\/wp\/v2\/media?parent=1474"}],"wp:term":[{"taxonomy":"product_brand","embeddable":true,"href":"https:\/\/www.fysiotech.ee\/et\/wp-json\/wp\/v2\/product_brand?post=1474"},{"taxonomy":"product_cat","embeddable":true,"href":"https:\/\/www.fysiotech.ee\/et\/wp-json\/wp\/v2\/product_cat?post=1474"},{"taxonomy":"product_tag","embeddable":true,"href":"https:\/\/www.fysiotech.ee\/et\/wp-json\/wp\/v2\/product_tag?post=1474"}],"curies":[{"name":"wp","href":"https:\/\/api.w.org\/{rel}","templated":true}]}}