{"id":1490,"date":"2025-05-30T12:39:21","date_gmt":"2025-05-30T09:39:21","guid":{"rendered":"https:\/\/www.fysiotech.ee\/tooted\/expert-f-x1\/"},"modified":"2026-04-17T14:11:57","modified_gmt":"2026-04-17T11:11:57","slug":"expert-f-x1","status":"publish","type":"product","link":"https:\/\/www.fysiotech.ee\/et\/toode\/expert-f-x1\/","title":{"rendered":"Expert F X1"},"content":{"rendered":"<p>&#8211; Elektrilimootoriga k\u00f5rguse reguleerimine 45-100cm (t\u00f5stev\u00f5ime kuni 220kg \/ 485lbs)<br \/>\n&#8211; Jalal\u00fcliti k\u00f5rguse reguleerimiseks<br \/>\n&#8211; Kahe liigendiga U-kujuline peaosa gaasiamordiga (\u00fcles\/alla)<br \/>\n&#8211; Seljaosa (ilma peaosata) reguleerimine istumis asendisse (k\u00e4sitsi, hammasmehhanism)<br \/>\n&#8211; Esimesed reguleeritavad k\u00e4etoed (\u00fcles\/alla)<br \/>\n&#8211; K\u00fcljek\u00e4etoed<br \/>\n&#8211; Paberirulli hoidik<br \/>\n&#8211; Kesklukustusega rattad, diameeter 75mm<br \/>\n&#8211; Poolkuupadi<br \/>\n&#8211; Raami v\u00e4rv: valge<\/p>\n","protected":false},"excerpt":{"rendered":"<p><strong>Expert F X1<\/strong> on X-raamiline massaa\u017eilaud, mis on loodud heaoluspetsialiste silmas pidades. Vastupidav raam tagab erakorralise tugevuse, stabiilsuse ja kandev\u00f5ime. Lai k\u00f5rguse reguleerimise vahemik v\u00f5imaldab nii madalamat miinimum- kui ka k\u00f5rgemat maksimumk\u00f5rgust, pakkudes sujuvat ja t\u00e4pset vertikaalset liikumist, hoides lauda reguleerimise ajal paigal. Need omadused muudavad lauga t\u00f6\u00f6tamise eriti mugavaks, meeldivaks ja praktiliseks igap\u00e4evaseks kasutamiseks. Expert F X1 p\u00f5hineb Professional X1 mudelil \u2014 k\u00f5ik on sama, v\u00e4lja arvatud pealmine polsterdus, mille osad liiguvad teisiti.<\/p>\n","protected":false},"featured_media":2091,"template":"","meta":{"_acf_changed":false,"_et_pb_use_builder":"","_et_pb_old_content":"","_et_gb_content_width":""},"product_brand":[],"product_cat":[110],"product_tag":[],"class_list":{"0":"post-1490","1":"product","2":"type-product","3":"status-publish","4":"has-post-thumbnail","6":"product_cat-expert-lauad","8":"first","9":"instock","10":"purchasable","11":"product-type-simple"},"exclude_global_add_ons":false,"addons":[{"name":"K\u00fcljetugede arv","type":"multiple_choice","position":0,"required":true,"title_format":"label","default":"","description_enable":false,"description":"","placeholder_enable":false,"placeholder":"","display":"select","restrictions_type":"any_text","adjust_price":false,"price":"","price_type":"flat_fee","restrictions":false,"min":"0","max":"0","options":[{"label":"0 tuge","price":"","price_type":"flat_fee","image":0},{"label":"2 k\u00fclgmist tuge","price":"","price_type":"flat_fee","image":0},{"label":"4 k\u00fclgmist tuge","price":"","price_type":"flat_fee","image":0}],"id":1749036113},{"name":"Pehme osa laius","type":"multiple_choice","position":1,"required":true,"title_format":"label","default":"0","description_enable":false,"description":"","placeholder_enable":false,"placeholder":"","display":"select","restrictions_type":"any_text","adjust_price":false,"price":"","price_type":"flat_fee","restrictions":false,"min":"0","max":"0","options":[{"label":"53cm (standard)","price":"","price_type":"flat_fee","image":0},{"label":"60cm","price":"","price_type":"flat_fee","image":0},{"label":"65cm","price":"","price_type":"flat_fee","image":0},{"label":"70cm","price":"","price_type":"flat_fee","image":0}],"id":1749036877},{"name":"Polsterduse paksus","type":"multiple_choice","position":2,"required":true,"title_format":"label","default":"0","description_enable":false,"description":"","placeholder_enable":false,"placeholder":"","display":"select","restrictions_type":"any_text","adjust_price":false,"price":"","price_type":"flat_fee","restrictions":false,"min":"0","max":"0","options":[{"label":"4cm (standard)","price":"","price_type":"flat_fee","image":0},{"label":"5cm","price":"","price_type":"flat_fee","image":0},{"label":"6cm","price":"","price_type":"flat_fee","image":0},{"label":"7cm","price":"","price_type":"flat_fee","image":0}],"id":1749037284},{"name":"Polsterduse v\u00e4rv","type":"multiple_choice","position":3,"required":true,"title_format":"label","default":"","description_enable":false,"description":"","placeholder_enable":false,"placeholder":"","display":"select","restrictions_type":"any_text","adjust_price":false,"price":"","price_type":"flat_fee","restrictions":false,"min":"0","max":"0","options":[{"label":"sinine - 729","price":"","price_type":"flat_fee","image":0},{"label":"helepruun - 983","price":"","price_type":"flat_fee","image":0},{"label":"must - 1033","price":"","price_type":"flat_fee","image":0},{"label":"akvamariin - 1757","price":"","price_type":"flat_fee","image":0},{"label":"oliiv - 3119","price":"","price_type":"flat_fee","image":0},{"label":"punane - 1271","price":"","price_type":"flat_fee","image":0},{"label":"savi - 1709","price":"","price_type":"flat_fee","image":0},{"label":"hall - 3120","price":"","price_type":"flat_fee","image":0},{"label":"valge - 534","price":"","price_type":"flat_fee","image":0},{"label":"Individuaalne toon","price":"","price_type":"flat_fee","image":0}],"id":1749037285},{"name":"Raami v\u00e4rv","type":"multiple_choice","position":4,"required":true,"title_format":"label","default":"0","description_enable":false,"description":"","placeholder_enable":false,"placeholder":"","display":"select","restrictions_type":"any_text","adjust_price":false,"price":"","price_type":"flat_fee","restrictions":false,"min":"0","max":"0","options":[{"label":"valge (standard)","price":"","price_type":"flat_fee","image":0},{"label":"must","price":"","price_type":"flat_fee","image":0},{"label":"hall","price":"","price_type":"flat_fee","image":0},{"label":"RAL-v\u00e4rvikaardi j\u00e4rgi","price":"","price_type":"flat_fee","image":0}],"id":1749037286},{"name":"Lisavarustus","type":"checkbox","position":5,"required":false,"title_format":"label","default":"","description_enable":false,"description":"","placeholder_enable":false,"placeholder":"","display":"select","restrictions_type":"any_text","adjust_price":false,"price":"","price_type":"flat_fee","restrictions":false,"min":"0","max":"0","options":[{"label":"360\u00b0 jalaga k\u00f5rguse reguleerimine (10950)","price":"","price_type":"flat_fee","image":0},{"label":"Raamile kinnitatav jalal\u00fcliti alus (10904)","price":"","price_type":"flat_fee","image":0},{"label":"K\u00e4sil\u00fcliti magnetiga (10905)","price":"","price_type":"flat_fee","image":0}],"id":1749036112}],"acf":[],"yoast_head":"<!-- This site is optimized with the Yoast SEO plugin v27.4 - https:\/\/yoast.com\/product\/yoast-seo-wordpress\/ -->\n<title>F\u00fcsioteraapia- ja massaa\u017eilaud Expert F X1 - Fysiotech<\/title>\n<meta name=\"description\" content=\"Expert F X1 on kvaliteetne f\u00fcsioteraapia- ja massaa\u017eilaud professionaalidele. Reguleeritav k\u00f5rgus, tugev konstruktsioon ja mugav disain igap\u00e4evaseks kasutuseks. Tutvu l\u00e4hemalt Fysiotechis!\" \/>\n<meta name=\"robots\" content=\"index, follow, max-snippet:-1, max-image-preview:large, max-video-preview:-1\" \/>\n<link rel=\"canonical\" href=\"https:\/\/www.fysiotech.ee\/et\/toode\/expert-f-x1\/\" \/>\n<meta property=\"og:locale\" content=\"et_EE\" \/>\n<meta property=\"og:type\" content=\"article\" \/>\n<meta property=\"og:title\" content=\"F\u00fcsioteraapia- ja massaa\u017eilaud Expert F X1 - Fysiotech\" \/>\n<meta property=\"og:description\" content=\"Expert F X1 on kvaliteetne f\u00fcsioteraapia- ja massaa\u017eilaud professionaalidele. Reguleeritav k\u00f5rgus, tugev konstruktsioon ja mugav disain igap\u00e4evaseks kasutuseks. Tutvu l\u00e4hemalt Fysiotechis!\" \/>\n<meta property=\"og:url\" content=\"https:\/\/www.fysiotech.ee\/et\/toode\/expert-f-x1\/\" \/>\n<meta property=\"og:site_name\" content=\"Fysiotech\" \/>\n<meta property=\"article:modified_time\" content=\"2026-04-17T11:11:57+00:00\" \/>\n<meta property=\"og:image\" content=\"https:\/\/www.fysiotech.ee\/wp-content\/uploads\/2025\/05\/Remove-background-project-2025-09-30T172231.594_16x9.jpg\" \/>\n\t<meta property=\"og:image:width\" content=\"1920\" \/>\n\t<meta property=\"og:image:height\" content=\"1080\" \/>\n\t<meta property=\"og:image:type\" content=\"image\/jpeg\" \/>\n<meta name=\"twitter:card\" content=\"summary_large_image\" \/>\n<meta name=\"twitter:label1\" content=\"Est. reading time\" \/>\n\t<meta name=\"twitter:data1\" content=\"1 minut\" \/>\n<script type=\"application\/ld+json\" class=\"yoast-schema-graph\">{\"@context\":\"https:\\\/\\\/schema.org\",\"@graph\":[{\"@type\":\"WebPage\",\"@id\":\"https:\\\/\\\/www.fysiotech.ee\\\/et\\\/toode\\\/expert-f-x1\\\/\",\"url\":\"https:\\\/\\\/www.fysiotech.ee\\\/et\\\/toode\\\/expert-f-x1\\\/\",\"name\":\"F\u00fcsioteraapia- ja massaa\u017eilaud Expert F X1 - Fysiotech\",\"isPartOf\":{\"@id\":\"https:\\\/\\\/www.fysiotech.ee\\\/et\\\/#website\"},\"primaryImageOfPage\":{\"@id\":\"https:\\\/\\\/www.fysiotech.ee\\\/et\\\/toode\\\/expert-f-x1\\\/#primaryimage\"},\"image\":{\"@id\":\"https:\\\/\\\/www.fysiotech.ee\\\/et\\\/toode\\\/expert-f-x1\\\/#primaryimage\"},\"thumbnailUrl\":\"https:\\\/\\\/www.fysiotech.ee\\\/wp-content\\\/uploads\\\/2025\\\/05\\\/Remove-background-project-2025-09-30T172231.594_16x9.jpg\",\"datePublished\":\"2025-05-30T09:39:21+00:00\",\"dateModified\":\"2026-04-17T11:11:57+00:00\",\"description\":\"Expert F X1 on kvaliteetne f\u00fcsioteraapia- ja massaa\u017eilaud professionaalidele. Reguleeritav k\u00f5rgus, tugev konstruktsioon ja mugav disain igap\u00e4evaseks kasutuseks. Tutvu l\u00e4hemalt Fysiotechis!\",\"breadcrumb\":{\"@id\":\"https:\\\/\\\/www.fysiotech.ee\\\/et\\\/toode\\\/expert-f-x1\\\/#breadcrumb\"},\"inLanguage\":\"et\",\"potentialAction\":[{\"@type\":\"ReadAction\",\"target\":[\"https:\\\/\\\/www.fysiotech.ee\\\/et\\\/toode\\\/expert-f-x1\\\/\"]}]},{\"@type\":\"ImageObject\",\"inLanguage\":\"et\",\"@id\":\"https:\\\/\\\/www.fysiotech.ee\\\/et\\\/toode\\\/expert-f-x1\\\/#primaryimage\",\"url\":\"https:\\\/\\\/www.fysiotech.ee\\\/wp-content\\\/uploads\\\/2025\\\/05\\\/Remove-background-project-2025-09-30T172231.594_16x9.jpg\",\"contentUrl\":\"https:\\\/\\\/www.fysiotech.ee\\\/wp-content\\\/uploads\\\/2025\\\/05\\\/Remove-background-project-2025-09-30T172231.594_16x9.jpg\",\"width\":1920,\"height\":1080},{\"@type\":\"BreadcrumbList\",\"@id\":\"https:\\\/\\\/www.fysiotech.ee\\\/et\\\/toode\\\/expert-f-x1\\\/#breadcrumb\",\"itemListElement\":[{\"@type\":\"ListItem\",\"position\":1,\"name\":\"Home\",\"item\":\"https:\\\/\\\/www.fysiotech.ee\\\/et\\\/\"},{\"@type\":\"ListItem\",\"position\":2,\"name\":\"Pood\",\"item\":\"https:\\\/\\\/www.fysiotech.ee\\\/et\\\/pood\\\/\"},{\"@type\":\"ListItem\",\"position\":3,\"name\":\"Expert F X1\"}]},{\"@type\":\"WebSite\",\"@id\":\"https:\\\/\\\/www.fysiotech.ee\\\/et\\\/#website\",\"url\":\"https:\\\/\\\/www.fysiotech.ee\\\/et\\\/\",\"name\":\"Fysiotech\",\"description\":\"Professional therapy &amp; treatments tables\",\"publisher\":{\"@id\":\"https:\\\/\\\/www.fysiotech.ee\\\/et\\\/#organization\"},\"potentialAction\":[{\"@type\":\"SearchAction\",\"target\":{\"@type\":\"EntryPoint\",\"urlTemplate\":\"https:\\\/\\\/www.fysiotech.ee\\\/et\\\/?s={search_term_string}\"},\"query-input\":{\"@type\":\"PropertyValueSpecification\",\"valueRequired\":true,\"valueName\":\"search_term_string\"}}],\"inLanguage\":\"et\"},{\"@type\":\"Organization\",\"@id\":\"https:\\\/\\\/www.fysiotech.ee\\\/et\\\/#organization\",\"name\":\"Fysiotech\",\"url\":\"https:\\\/\\\/www.fysiotech.ee\\\/et\\\/\",\"logo\":{\"@type\":\"ImageObject\",\"inLanguage\":\"et\",\"@id\":\"https:\\\/\\\/www.fysiotech.ee\\\/et\\\/#\\\/schema\\\/logo\\\/image\\\/\",\"url\":\"https:\\\/\\\/www.fysiotech.ee\\\/wp-content\\\/uploads\\\/2025\\\/09\\\/fysiotech-logo-250902.svg\",\"contentUrl\":\"https:\\\/\\\/www.fysiotech.ee\\\/wp-content\\\/uploads\\\/2025\\\/09\\\/fysiotech-logo-250902.svg\",\"width\":318,\"height\":91,\"caption\":\"Fysiotech\"},\"image\":{\"@id\":\"https:\\\/\\\/www.fysiotech.ee\\\/et\\\/#\\\/schema\\\/logo\\\/image\\\/\"}}]}<\/script>\n<!-- \/ Yoast SEO plugin. -->","yoast_head_json":{"title":"F\u00fcsioteraapia- ja massaa\u017eilaud Expert F X1 - Fysiotech","description":"Expert F X1 on kvaliteetne f\u00fcsioteraapia- ja massaa\u017eilaud professionaalidele. Reguleeritav k\u00f5rgus, tugev konstruktsioon ja mugav disain igap\u00e4evaseks kasutuseks. Tutvu l\u00e4hemalt Fysiotechis!","robots":{"index":"index","follow":"follow","max-snippet":"max-snippet:-1","max-image-preview":"max-image-preview:large","max-video-preview":"max-video-preview:-1"},"canonical":"https:\/\/www.fysiotech.ee\/et\/toode\/expert-f-x1\/","og_locale":"et_EE","og_type":"article","og_title":"F\u00fcsioteraapia- ja massaa\u017eilaud Expert F X1 - Fysiotech","og_description":"Expert F X1 on kvaliteetne f\u00fcsioteraapia- ja massaa\u017eilaud professionaalidele. Reguleeritav k\u00f5rgus, tugev konstruktsioon ja mugav disain igap\u00e4evaseks kasutuseks. Tutvu l\u00e4hemalt Fysiotechis!","og_url":"https:\/\/www.fysiotech.ee\/et\/toode\/expert-f-x1\/","og_site_name":"Fysiotech","article_modified_time":"2026-04-17T11:11:57+00:00","og_image":[{"width":1920,"height":1080,"url":"https:\/\/www.fysiotech.ee\/wp-content\/uploads\/2025\/05\/Remove-background-project-2025-09-30T172231.594_16x9.jpg","type":"image\/jpeg"}],"twitter_card":"summary_large_image","twitter_misc":{"Est. reading time":"1 minut"},"schema":{"@context":"https:\/\/schema.org","@graph":[{"@type":"WebPage","@id":"https:\/\/www.fysiotech.ee\/et\/toode\/expert-f-x1\/","url":"https:\/\/www.fysiotech.ee\/et\/toode\/expert-f-x1\/","name":"F\u00fcsioteraapia- ja massaa\u017eilaud Expert F X1 - Fysiotech","isPartOf":{"@id":"https:\/\/www.fysiotech.ee\/et\/#website"},"primaryImageOfPage":{"@id":"https:\/\/www.fysiotech.ee\/et\/toode\/expert-f-x1\/#primaryimage"},"image":{"@id":"https:\/\/www.fysiotech.ee\/et\/toode\/expert-f-x1\/#primaryimage"},"thumbnailUrl":"https:\/\/www.fysiotech.ee\/wp-content\/uploads\/2025\/05\/Remove-background-project-2025-09-30T172231.594_16x9.jpg","datePublished":"2025-05-30T09:39:21+00:00","dateModified":"2026-04-17T11:11:57+00:00","description":"Expert F X1 on kvaliteetne f\u00fcsioteraapia- ja massaa\u017eilaud professionaalidele. Reguleeritav k\u00f5rgus, tugev konstruktsioon ja mugav disain igap\u00e4evaseks kasutuseks. Tutvu l\u00e4hemalt Fysiotechis!","breadcrumb":{"@id":"https:\/\/www.fysiotech.ee\/et\/toode\/expert-f-x1\/#breadcrumb"},"inLanguage":"et","potentialAction":[{"@type":"ReadAction","target":["https:\/\/www.fysiotech.ee\/et\/toode\/expert-f-x1\/"]}]},{"@type":"ImageObject","inLanguage":"et","@id":"https:\/\/www.fysiotech.ee\/et\/toode\/expert-f-x1\/#primaryimage","url":"https:\/\/www.fysiotech.ee\/wp-content\/uploads\/2025\/05\/Remove-background-project-2025-09-30T172231.594_16x9.jpg","contentUrl":"https:\/\/www.fysiotech.ee\/wp-content\/uploads\/2025\/05\/Remove-background-project-2025-09-30T172231.594_16x9.jpg","width":1920,"height":1080},{"@type":"BreadcrumbList","@id":"https:\/\/www.fysiotech.ee\/et\/toode\/expert-f-x1\/#breadcrumb","itemListElement":[{"@type":"ListItem","position":1,"name":"Home","item":"https:\/\/www.fysiotech.ee\/et\/"},{"@type":"ListItem","position":2,"name":"Pood","item":"https:\/\/www.fysiotech.ee\/et\/pood\/"},{"@type":"ListItem","position":3,"name":"Expert F X1"}]},{"@type":"WebSite","@id":"https:\/\/www.fysiotech.ee\/et\/#website","url":"https:\/\/www.fysiotech.ee\/et\/","name":"Fysiotech","description":"Professional therapy &amp; treatments tables","publisher":{"@id":"https:\/\/www.fysiotech.ee\/et\/#organization"},"potentialAction":[{"@type":"SearchAction","target":{"@type":"EntryPoint","urlTemplate":"https:\/\/www.fysiotech.ee\/et\/?s={search_term_string}"},"query-input":{"@type":"PropertyValueSpecification","valueRequired":true,"valueName":"search_term_string"}}],"inLanguage":"et"},{"@type":"Organization","@id":"https:\/\/www.fysiotech.ee\/et\/#organization","name":"Fysiotech","url":"https:\/\/www.fysiotech.ee\/et\/","logo":{"@type":"ImageObject","inLanguage":"et","@id":"https:\/\/www.fysiotech.ee\/et\/#\/schema\/logo\/image\/","url":"https:\/\/www.fysiotech.ee\/wp-content\/uploads\/2025\/09\/fysiotech-logo-250902.svg","contentUrl":"https:\/\/www.fysiotech.ee\/wp-content\/uploads\/2025\/09\/fysiotech-logo-250902.svg","width":318,"height":91,"caption":"Fysiotech"},"image":{"@id":"https:\/\/www.fysiotech.ee\/et\/#\/schema\/logo\/image\/"}}]}},"_links":{"self":[{"href":"https:\/\/www.fysiotech.ee\/et\/wp-json\/wp\/v2\/product\/1490","targetHints":{"allow":["GET"]}}],"collection":[{"href":"https:\/\/www.fysiotech.ee\/et\/wp-json\/wp\/v2\/product"}],"about":[{"href":"https:\/\/www.fysiotech.ee\/et\/wp-json\/wp\/v2\/types\/product"}],"wp:featuredmedia":[{"embeddable":true,"href":"https:\/\/www.fysiotech.ee\/et\/wp-json\/wp\/v2\/media\/2091"}],"wp:attachment":[{"href":"https:\/\/www.fysiotech.ee\/et\/wp-json\/wp\/v2\/media?parent=1490"}],"wp:term":[{"taxonomy":"product_brand","embeddable":true,"href":"https:\/\/www.fysiotech.ee\/et\/wp-json\/wp\/v2\/product_brand?post=1490"},{"taxonomy":"product_cat","embeddable":true,"href":"https:\/\/www.fysiotech.ee\/et\/wp-json\/wp\/v2\/product_cat?post=1490"},{"taxonomy":"product_tag","embeddable":true,"href":"https:\/\/www.fysiotech.ee\/et\/wp-json\/wp\/v2\/product_tag?post=1490"}],"curies":[{"name":"wp","href":"https:\/\/api.w.org\/{rel}","templated":true}]}}