{"id":1518,"date":"2025-05-30T12:55:53","date_gmt":"2025-05-30T09:55:53","guid":{"rendered":"https:\/\/www.fysiotech.ee\/tooted\/treat-813\/"},"modified":"2025-12-01T13:10:38","modified_gmt":"2025-12-01T11:10:38","slug":"treat-813","status":"publish","type":"product","link":"https:\/\/www.fysiotech.ee\/et\/toode\/treat-813\/","title":{"rendered":"Treat 813"},"content":{"rendered":"<p>&#8211; Elektrimootoriga k\u00f5rguse reguleerimine 67-103cm (t\u00f5stev\u00f5ime kuni 200kg \/ 440lbs)<br \/>\n&#8211; Pneumaatiline jalal\u00fcliti k\u00f5rguse reguleerimiseks<br \/>\n&#8211; Gaasiamordiga peasektsiooni reguleerimine (\u00fcles\/alla)<br \/>\n&#8211; Gaasiamortidega seljaosa reguleerimine (\u00fcles-alla)<br \/>\n&#8211; Iste nurga reguleerimine mootoriga (\u00fcles\/alla)<br \/>\n&#8211; Magnetiga k\u00e4sil\u00fcliti<br \/>\n&#8211; Trendelenburgi positsioon (mootoriga)<br \/>\n&#8211; Paberirulli hoidik<br \/>\n&#8211; Roostevabast terasest kauss (10cm)<br \/>\n&#8211; Reelingud 10x30mm (pikk)<br \/>\n&#8211; Eraldi lukustatavad rattad, diameeter 75mm<br \/>\n&#8211; Raami v\u00e4rv: valge<\/p>\n","protected":false},"excerpt":{"rendered":"<p>Treat 813 on protseduurilaud, millel on elektriline k\u00f5rguse reguleerimise ja trenelendburgi asendisse viimine. Seljatuge ja peaosa saab reguleerida gaasiamortide abil.<\/p>\n","protected":false},"featured_media":1349,"template":"","meta":{"_acf_changed":false,"_et_pb_use_builder":"","_et_pb_old_content":"","_et_gb_content_width":""},"product_brand":[],"product_cat":[122],"product_tag":[],"class_list":{"0":"post-1518","1":"product","2":"type-product","3":"status-publish","4":"has-post-thumbnail","6":"product_cat-protseduuride-lauad","8":"first","9":"instock","10":"purchasable","11":"product-type-simple"},"exclude_global_add_ons":false,"addons":[{"name":"Polsterduse paksus","type":"multiple_choice","position":2,"required":true,"title_format":"label","default":"0","description_enable":false,"description":"","placeholder_enable":false,"placeholder":"","display":"select","restrictions_type":"any_text","adjust_price":false,"price":"","price_type":"flat_fee","restrictions":false,"min":"0","max":"0","options":[{"label":"4cm (standard)","price":"","price_type":"flat_fee","image":0},{"label":"5cm","price":"","price_type":"flat_fee","image":0},{"label":"6cm","price":"","price_type":"flat_fee","image":0},{"label":"7cm","price":"","price_type":"flat_fee","image":0}],"id":1749037284},{"name":"Polsterduse v\u00e4rv","type":"multiple_choice","position":3,"required":true,"title_format":"label","default":"","description_enable":false,"description":"","placeholder_enable":false,"placeholder":"","display":"select","restrictions_type":"any_text","adjust_price":false,"price":"","price_type":"flat_fee","restrictions":false,"min":"0","max":"0","options":[{"label":"sinine - 729","price":"","price_type":"flat_fee","image":0},{"label":"helepruun - 983","price":"","price_type":"flat_fee","image":0},{"label":"must - 1033","price":"","price_type":"flat_fee","image":0},{"label":"akvamariin - 1757","price":"","price_type":"flat_fee","image":0},{"label":"oliiv - 3119","price":"","price_type":"flat_fee","image":0},{"label":"punane - 1271","price":"","price_type":"flat_fee","image":0},{"label":"savi - 1709","price":"","price_type":"flat_fee","image":0},{"label":"hall - 3120","price":"","price_type":"flat_fee","image":0},{"label":"valge - 534","price":"","price_type":"flat_fee","image":0},{"label":"Individuaalne toon","price":"","price_type":"flat_fee","image":0}],"id":1749037285},{"name":"Raami v\u00e4rv","type":"multiple_choice","position":4,"required":true,"title_format":"label","default":"0","description_enable":false,"description":"","placeholder_enable":false,"placeholder":"","display":"select","restrictions_type":"any_text","adjust_price":false,"price":"","price_type":"flat_fee","restrictions":false,"min":"0","max":"0","options":[{"label":"valge (standard)","price":"","price_type":"flat_fee","image":0},{"label":"must","price":"","price_type":"flat_fee","image":0},{"label":"hall","price":"","price_type":"flat_fee","image":0},{"label":"RAL-v\u00e4rvikaardi j\u00e4rgi","price":"","price_type":"flat_fee","image":0}],"id":1749037286},{"name":"Lisavarustus","type":"checkbox","position":5,"required":false,"title_format":"label","default":"","description_enable":false,"description":"","placeholder_enable":false,"placeholder":"","display":"select","restrictions_type":"any_text","adjust_price":false,"price":"","price_type":"flat_fee","restrictions":false,"min":"0","max":"0","options":[{"label":"T\u00e4iendav \/ teine jalal\u00fcliti (10902)","price":"","price_type":"flat_fee","image":0},{"label":"K\u00e4sil\u00fcliti magnetiga (10905)","price":"","price_type":"flat_fee","image":0}],"id":1749036112}],"acf":[],"yoast_head":"<!-- This site is optimized with the Yoast SEO plugin v27.4 - https:\/\/yoast.com\/product\/yoast-seo-wordpress\/ -->\n<title>Treat 813 - Fysiotech<\/title>\n<meta name=\"robots\" content=\"index, follow, max-snippet:-1, max-image-preview:large, max-video-preview:-1\" \/>\n<link rel=\"canonical\" href=\"https:\/\/www.fysiotech.ee\/et\/toode\/treat-813\/\" \/>\n<meta property=\"og:locale\" content=\"et_EE\" \/>\n<meta property=\"og:type\" content=\"article\" \/>\n<meta property=\"og:title\" content=\"Treat 813 - Fysiotech\" \/>\n<meta property=\"og:description\" content=\"Treat 813 on protseduurilaud, millel on elektriline k\u00f5rguse reguleerimise ja trenelendburgi asendisse viimine. Seljatuge ja peaosa saab reguleerida gaasiamortide abil.\" \/>\n<meta property=\"og:url\" content=\"https:\/\/www.fysiotech.ee\/et\/toode\/treat-813\/\" \/>\n<meta property=\"og:site_name\" content=\"Fysiotech\" \/>\n<meta property=\"article:modified_time\" content=\"2025-12-01T11:10:38+00:00\" \/>\n<meta property=\"og:image\" content=\"https:\/\/www.fysiotech.ee\/wp-content\/uploads\/2025\/05\/IMG_8099-2.jpg\" \/>\n\t<meta property=\"og:image:width\" content=\"700\" \/>\n\t<meta property=\"og:image:height\" content=\"405\" \/>\n\t<meta property=\"og:image:type\" content=\"image\/jpeg\" \/>\n<meta name=\"twitter:card\" content=\"summary_large_image\" \/>\n<script type=\"application\/ld+json\" class=\"yoast-schema-graph\">{\"@context\":\"https:\\\/\\\/schema.org\",\"@graph\":[{\"@type\":\"WebPage\",\"@id\":\"https:\\\/\\\/www.fysiotech.ee\\\/et\\\/toode\\\/treat-813\\\/\",\"url\":\"https:\\\/\\\/www.fysiotech.ee\\\/et\\\/toode\\\/treat-813\\\/\",\"name\":\"Treat 813 - Fysiotech\",\"isPartOf\":{\"@id\":\"https:\\\/\\\/www.fysiotech.ee\\\/et\\\/#website\"},\"primaryImageOfPage\":{\"@id\":\"https:\\\/\\\/www.fysiotech.ee\\\/et\\\/toode\\\/treat-813\\\/#primaryimage\"},\"image\":{\"@id\":\"https:\\\/\\\/www.fysiotech.ee\\\/et\\\/toode\\\/treat-813\\\/#primaryimage\"},\"thumbnailUrl\":\"https:\\\/\\\/www.fysiotech.ee\\\/wp-content\\\/uploads\\\/2025\\\/05\\\/IMG_8099-2.jpg\",\"datePublished\":\"2025-05-30T09:55:53+00:00\",\"dateModified\":\"2025-12-01T11:10:38+00:00\",\"breadcrumb\":{\"@id\":\"https:\\\/\\\/www.fysiotech.ee\\\/et\\\/toode\\\/treat-813\\\/#breadcrumb\"},\"inLanguage\":\"et\",\"potentialAction\":[{\"@type\":\"ReadAction\",\"target\":[\"https:\\\/\\\/www.fysiotech.ee\\\/et\\\/toode\\\/treat-813\\\/\"]}]},{\"@type\":\"ImageObject\",\"inLanguage\":\"et\",\"@id\":\"https:\\\/\\\/www.fysiotech.ee\\\/et\\\/toode\\\/treat-813\\\/#primaryimage\",\"url\":\"https:\\\/\\\/www.fysiotech.ee\\\/wp-content\\\/uploads\\\/2025\\\/05\\\/IMG_8099-2.jpg\",\"contentUrl\":\"https:\\\/\\\/www.fysiotech.ee\\\/wp-content\\\/uploads\\\/2025\\\/05\\\/IMG_8099-2.jpg\",\"width\":700,\"height\":405},{\"@type\":\"BreadcrumbList\",\"@id\":\"https:\\\/\\\/www.fysiotech.ee\\\/et\\\/toode\\\/treat-813\\\/#breadcrumb\",\"itemListElement\":[{\"@type\":\"ListItem\",\"position\":1,\"name\":\"Home\",\"item\":\"https:\\\/\\\/www.fysiotech.ee\\\/et\\\/\"},{\"@type\":\"ListItem\",\"position\":2,\"name\":\"Pood\",\"item\":\"https:\\\/\\\/www.fysiotech.ee\\\/et\\\/pood\\\/\"},{\"@type\":\"ListItem\",\"position\":3,\"name\":\"Treat 813\"}]},{\"@type\":\"WebSite\",\"@id\":\"https:\\\/\\\/www.fysiotech.ee\\\/et\\\/#website\",\"url\":\"https:\\\/\\\/www.fysiotech.ee\\\/et\\\/\",\"name\":\"Fysiotech\",\"description\":\"Professional therapy &amp; treatments tables\",\"publisher\":{\"@id\":\"https:\\\/\\\/www.fysiotech.ee\\\/et\\\/#organization\"},\"potentialAction\":[{\"@type\":\"SearchAction\",\"target\":{\"@type\":\"EntryPoint\",\"urlTemplate\":\"https:\\\/\\\/www.fysiotech.ee\\\/et\\\/?s={search_term_string}\"},\"query-input\":{\"@type\":\"PropertyValueSpecification\",\"valueRequired\":true,\"valueName\":\"search_term_string\"}}],\"inLanguage\":\"et\"},{\"@type\":\"Organization\",\"@id\":\"https:\\\/\\\/www.fysiotech.ee\\\/et\\\/#organization\",\"name\":\"Fysiotech\",\"url\":\"https:\\\/\\\/www.fysiotech.ee\\\/et\\\/\",\"logo\":{\"@type\":\"ImageObject\",\"inLanguage\":\"et\",\"@id\":\"https:\\\/\\\/www.fysiotech.ee\\\/et\\\/#\\\/schema\\\/logo\\\/image\\\/\",\"url\":\"https:\\\/\\\/www.fysiotech.ee\\\/wp-content\\\/uploads\\\/2025\\\/09\\\/fysiotech-logo-250902.svg\",\"contentUrl\":\"https:\\\/\\\/www.fysiotech.ee\\\/wp-content\\\/uploads\\\/2025\\\/09\\\/fysiotech-logo-250902.svg\",\"width\":318,\"height\":91,\"caption\":\"Fysiotech\"},\"image\":{\"@id\":\"https:\\\/\\\/www.fysiotech.ee\\\/et\\\/#\\\/schema\\\/logo\\\/image\\\/\"}}]}<\/script>\n<!-- \/ Yoast SEO plugin. -->","yoast_head_json":{"title":"Treat 813 - Fysiotech","robots":{"index":"index","follow":"follow","max-snippet":"max-snippet:-1","max-image-preview":"max-image-preview:large","max-video-preview":"max-video-preview:-1"},"canonical":"https:\/\/www.fysiotech.ee\/et\/toode\/treat-813\/","og_locale":"et_EE","og_type":"article","og_title":"Treat 813 - Fysiotech","og_description":"Treat 813 on protseduurilaud, millel on elektriline k\u00f5rguse reguleerimise ja trenelendburgi asendisse viimine. Seljatuge ja peaosa saab reguleerida gaasiamortide abil.","og_url":"https:\/\/www.fysiotech.ee\/et\/toode\/treat-813\/","og_site_name":"Fysiotech","article_modified_time":"2025-12-01T11:10:38+00:00","og_image":[{"width":700,"height":405,"url":"https:\/\/www.fysiotech.ee\/wp-content\/uploads\/2025\/05\/IMG_8099-2.jpg","type":"image\/jpeg"}],"twitter_card":"summary_large_image","schema":{"@context":"https:\/\/schema.org","@graph":[{"@type":"WebPage","@id":"https:\/\/www.fysiotech.ee\/et\/toode\/treat-813\/","url":"https:\/\/www.fysiotech.ee\/et\/toode\/treat-813\/","name":"Treat 813 - Fysiotech","isPartOf":{"@id":"https:\/\/www.fysiotech.ee\/et\/#website"},"primaryImageOfPage":{"@id":"https:\/\/www.fysiotech.ee\/et\/toode\/treat-813\/#primaryimage"},"image":{"@id":"https:\/\/www.fysiotech.ee\/et\/toode\/treat-813\/#primaryimage"},"thumbnailUrl":"https:\/\/www.fysiotech.ee\/wp-content\/uploads\/2025\/05\/IMG_8099-2.jpg","datePublished":"2025-05-30T09:55:53+00:00","dateModified":"2025-12-01T11:10:38+00:00","breadcrumb":{"@id":"https:\/\/www.fysiotech.ee\/et\/toode\/treat-813\/#breadcrumb"},"inLanguage":"et","potentialAction":[{"@type":"ReadAction","target":["https:\/\/www.fysiotech.ee\/et\/toode\/treat-813\/"]}]},{"@type":"ImageObject","inLanguage":"et","@id":"https:\/\/www.fysiotech.ee\/et\/toode\/treat-813\/#primaryimage","url":"https:\/\/www.fysiotech.ee\/wp-content\/uploads\/2025\/05\/IMG_8099-2.jpg","contentUrl":"https:\/\/www.fysiotech.ee\/wp-content\/uploads\/2025\/05\/IMG_8099-2.jpg","width":700,"height":405},{"@type":"BreadcrumbList","@id":"https:\/\/www.fysiotech.ee\/et\/toode\/treat-813\/#breadcrumb","itemListElement":[{"@type":"ListItem","position":1,"name":"Home","item":"https:\/\/www.fysiotech.ee\/et\/"},{"@type":"ListItem","position":2,"name":"Pood","item":"https:\/\/www.fysiotech.ee\/et\/pood\/"},{"@type":"ListItem","position":3,"name":"Treat 813"}]},{"@type":"WebSite","@id":"https:\/\/www.fysiotech.ee\/et\/#website","url":"https:\/\/www.fysiotech.ee\/et\/","name":"Fysiotech","description":"Professional therapy &amp; treatments tables","publisher":{"@id":"https:\/\/www.fysiotech.ee\/et\/#organization"},"potentialAction":[{"@type":"SearchAction","target":{"@type":"EntryPoint","urlTemplate":"https:\/\/www.fysiotech.ee\/et\/?s={search_term_string}"},"query-input":{"@type":"PropertyValueSpecification","valueRequired":true,"valueName":"search_term_string"}}],"inLanguage":"et"},{"@type":"Organization","@id":"https:\/\/www.fysiotech.ee\/et\/#organization","name":"Fysiotech","url":"https:\/\/www.fysiotech.ee\/et\/","logo":{"@type":"ImageObject","inLanguage":"et","@id":"https:\/\/www.fysiotech.ee\/et\/#\/schema\/logo\/image\/","url":"https:\/\/www.fysiotech.ee\/wp-content\/uploads\/2025\/09\/fysiotech-logo-250902.svg","contentUrl":"https:\/\/www.fysiotech.ee\/wp-content\/uploads\/2025\/09\/fysiotech-logo-250902.svg","width":318,"height":91,"caption":"Fysiotech"},"image":{"@id":"https:\/\/www.fysiotech.ee\/et\/#\/schema\/logo\/image\/"}}]}},"_links":{"self":[{"href":"https:\/\/www.fysiotech.ee\/et\/wp-json\/wp\/v2\/product\/1518","targetHints":{"allow":["GET"]}}],"collection":[{"href":"https:\/\/www.fysiotech.ee\/et\/wp-json\/wp\/v2\/product"}],"about":[{"href":"https:\/\/www.fysiotech.ee\/et\/wp-json\/wp\/v2\/types\/product"}],"wp:featuredmedia":[{"embeddable":true,"href":"https:\/\/www.fysiotech.ee\/et\/wp-json\/wp\/v2\/media\/1349"}],"wp:attachment":[{"href":"https:\/\/www.fysiotech.ee\/et\/wp-json\/wp\/v2\/media?parent=1518"}],"wp:term":[{"taxonomy":"product_brand","embeddable":true,"href":"https:\/\/www.fysiotech.ee\/et\/wp-json\/wp\/v2\/product_brand?post=1518"},{"taxonomy":"product_cat","embeddable":true,"href":"https:\/\/www.fysiotech.ee\/et\/wp-json\/wp\/v2\/product_cat?post=1518"},{"taxonomy":"product_tag","embeddable":true,"href":"https:\/\/www.fysiotech.ee\/et\/wp-json\/wp\/v2\/product_tag?post=1518"}],"curies":[{"name":"wp","href":"https:\/\/api.w.org\/{rel}","templated":true}]}}