{"id":1525,"date":"2025-05-30T10:50:11","date_gmt":"2025-05-30T07:50:11","guid":{"rendered":"https:\/\/www.fysiotech.ee\/tooted\/compact-regular\/"},"modified":"2025-12-10T12:28:47","modified_gmt":"2025-12-10T10:28:47","slug":"compact-regular","status":"publish","type":"product","link":"https:\/\/www.fysiotech.ee\/et\/toode\/compact-regular\/","title":{"rendered":"Compact Regular"},"content":{"rendered":"<p>&#8211; K\u00f5rgus mehaaniliselt reguleeritav: 65cm, 70cm v\u00f5i 75cm<br \/>\n&#8211; Laua m\u00f5\u00f5tmed: laius 51cm, pikkus-197cm<br \/>\n&#8211; Laua m\u00f5\u00f5tmed kokkupakituna: k\u00f5rgus 51cm, laius 80cm, paksus 20cm<br \/>\n&#8211; Laua kaal: 14.4kg<br \/>\n&#8211; Kandev\u00f5ime: kuni 200kg \/ 440lbs<br \/>\n&#8211; Raamiv\u00e4rv: hall<br \/>\n&#8211; \u00dcks paar reguleeritavaid ja eemaldatavaid k\u00e4etugesid (ette ja k\u00fclgedele)<br \/>\n&#8211; Reguleeritav ja eemaldatav U-kujuline peatugi<br \/>\n&#8211; Compact poolkuupadi<br \/>\n&#8211; Reguleeritavad jalad<\/p>\n","protected":false},"excerpt":{"rendered":"<p>Eriti kerge kaaluline, kuid professionaalidele loodud kokkupandav alumiiniumist massaa\u017eilaud \u00fchendab endas liikuvuse ja tipptasemel t\u00f6\u00f6kindluse. Kogenud terapeudid teavad, et kuigi osavad k\u00e4ed on iga seansi s\u00fcda, on sama oluline ka kvaliteetne massaa\u017eilaud \u2013 pakkudes mugavust, kindlat tuge ja vundamenti t\u00f5eliselt \u00f5nnestunud hoolduseks.<\/p>\n","protected":false},"featured_media":2001,"template":"","meta":{"_acf_changed":false,"_et_pb_use_builder":"","_et_pb_old_content":"","_et_gb_content_width":""},"product_brand":[],"product_cat":[107],"product_tag":[],"class_list":{"0":"post-1525","1":"product","2":"type-product","3":"status-publish","4":"has-post-thumbnail","6":"product_cat-kokkupandavad-lauad","8":"first","9":"instock","10":"purchasable","11":"product-type-simple"},"exclude_global_add_ons":false,"addons":[{"name":"Polsterduse v\u00e4rv","type":"multiple_choice","position":0,"required":true,"title_format":"label","default":"","description_enable":false,"description":"","placeholder_enable":false,"placeholder":"","display":"select","restrictions_type":"any_text","adjust_price":false,"price":"","price_type":"flat_fee","restrictions":false,"min":"0","max":"0","options":[{"label":"sinine - 729","price":"","price_type":"flat_fee","image":0},{"label":"helepruun - 983","price":"","price_type":"flat_fee","image":0},{"label":"must - 1033","price":"","price_type":"flat_fee","image":0},{"label":"akvamariin - 1757","price":"","price_type":"flat_fee","image":0},{"label":"oliiv - 3119","price":"","price_type":"flat_fee","image":0},{"label":"punane - 1271","price":"","price_type":"flat_fee","image":0},{"label":"savi - 1709","price":"","price_type":"flat_fee","image":0},{"label":"hall - 3120","price":"","price_type":"flat_fee","image":0},{"label":"valge - 534","price":"","price_type":"flat_fee","image":0},{"label":"Individuaalne toon","price":"","price_type":"flat_fee","image":0}],"id":1749037285},{"name":"Raami v\u00e4rv","type":"multiple_choice","position":1,"required":true,"title_format":"label","default":"0","description_enable":false,"description":"","placeholder_enable":false,"placeholder":"","display":"select","restrictions_type":"any_text","adjust_price":false,"price":"","price_type":"flat_fee","restrictions":false,"min":"0","max":"0","options":[{"label":"valge (standard)","price":"","price_type":"flat_fee","image":0},{"label":"must","price":"","price_type":"flat_fee","image":0},{"label":"hall","price":"","price_type":"flat_fee","image":0},{"label":"RAL-v\u00e4rvikaardi j\u00e4rgi","price":"","price_type":"flat_fee","image":0}],"id":1749037286}],"acf":[],"yoast_head":"<!-- This site is optimized with the Yoast SEO plugin v27.3 - https:\/\/yoast.com\/product\/yoast-seo-wordpress\/ -->\n<title>Kaasaskantav kokkupandav massaa\u017eilaud Compact Regular - Fysiotech<\/title>\n<meta name=\"description\" content=\"Compact Regular on kvaliteetne, kerge ja kaasaskantav massaa\u017eilaud professionaalidele. Reguleeritav k\u00f5rgus, tugev konstruktsioon ja mugav disain igap\u00e4evaseks t\u00f6\u00f6ks. Tutvu l\u00e4hemalt Fysiotechis!\" \/>\n<meta name=\"robots\" content=\"index, follow, max-snippet:-1, max-image-preview:large, max-video-preview:-1\" \/>\n<link rel=\"canonical\" href=\"https:\/\/www.fysiotech.ee\/et\/toode\/compact-regular\/\" \/>\n<meta property=\"og:locale\" content=\"et_EE\" \/>\n<meta property=\"og:type\" content=\"article\" \/>\n<meta property=\"og:title\" content=\"Kaasaskantav kokkupandav massaa\u017eilaud Compact Regular - Fysiotech\" \/>\n<meta property=\"og:description\" content=\"Compact Regular on kvaliteetne, kerge ja kaasaskantav massaa\u017eilaud professionaalidele. Reguleeritav k\u00f5rgus, tugev konstruktsioon ja mugav disain igap\u00e4evaseks t\u00f6\u00f6ks. Tutvu l\u00e4hemalt Fysiotechis!\" \/>\n<meta property=\"og:url\" content=\"https:\/\/www.fysiotech.ee\/et\/toode\/compact-regular\/\" \/>\n<meta property=\"og:site_name\" content=\"Fysiotech\" \/>\n<meta property=\"article:modified_time\" content=\"2025-12-10T10:28:47+00:00\" \/>\n<meta property=\"og:image\" content=\"https:\/\/www.fysiotech.ee\/wp-content\/uploads\/2025\/05\/Remove-background-project-65_16x9.jpg\" \/>\n\t<meta property=\"og:image:width\" content=\"1920\" \/>\n\t<meta property=\"og:image:height\" content=\"1080\" \/>\n\t<meta property=\"og:image:type\" content=\"image\/jpeg\" \/>\n<meta name=\"twitter:card\" content=\"summary_large_image\" \/>\n<meta name=\"twitter:label1\" content=\"Est. reading time\" \/>\n\t<meta name=\"twitter:data1\" content=\"1 minut\" \/>\n<script type=\"application\/ld+json\" class=\"yoast-schema-graph\">{\"@context\":\"https:\\\/\\\/schema.org\",\"@graph\":[{\"@type\":\"WebPage\",\"@id\":\"https:\\\/\\\/www.fysiotech.ee\\\/et\\\/toode\\\/compact-regular\\\/\",\"url\":\"https:\\\/\\\/www.fysiotech.ee\\\/et\\\/toode\\\/compact-regular\\\/\",\"name\":\"Kaasaskantav kokkupandav massaa\u017eilaud Compact Regular - Fysiotech\",\"isPartOf\":{\"@id\":\"https:\\\/\\\/www.fysiotech.ee\\\/et\\\/#website\"},\"primaryImageOfPage\":{\"@id\":\"https:\\\/\\\/www.fysiotech.ee\\\/et\\\/toode\\\/compact-regular\\\/#primaryimage\"},\"image\":{\"@id\":\"https:\\\/\\\/www.fysiotech.ee\\\/et\\\/toode\\\/compact-regular\\\/#primaryimage\"},\"thumbnailUrl\":\"https:\\\/\\\/www.fysiotech.ee\\\/wp-content\\\/uploads\\\/2025\\\/05\\\/Remove-background-project-65_16x9.jpg\",\"datePublished\":\"2025-05-30T07:50:11+00:00\",\"dateModified\":\"2025-12-10T10:28:47+00:00\",\"description\":\"Compact Regular on kvaliteetne, kerge ja kaasaskantav massaa\u017eilaud professionaalidele. Reguleeritav k\u00f5rgus, tugev konstruktsioon ja mugav disain igap\u00e4evaseks t\u00f6\u00f6ks. Tutvu l\u00e4hemalt Fysiotechis!\",\"breadcrumb\":{\"@id\":\"https:\\\/\\\/www.fysiotech.ee\\\/et\\\/toode\\\/compact-regular\\\/#breadcrumb\"},\"inLanguage\":\"et\",\"potentialAction\":[{\"@type\":\"ReadAction\",\"target\":[\"https:\\\/\\\/www.fysiotech.ee\\\/et\\\/toode\\\/compact-regular\\\/\"]}]},{\"@type\":\"ImageObject\",\"inLanguage\":\"et\",\"@id\":\"https:\\\/\\\/www.fysiotech.ee\\\/et\\\/toode\\\/compact-regular\\\/#primaryimage\",\"url\":\"https:\\\/\\\/www.fysiotech.ee\\\/wp-content\\\/uploads\\\/2025\\\/05\\\/Remove-background-project-65_16x9.jpg\",\"contentUrl\":\"https:\\\/\\\/www.fysiotech.ee\\\/wp-content\\\/uploads\\\/2025\\\/05\\\/Remove-background-project-65_16x9.jpg\",\"width\":1920,\"height\":1080},{\"@type\":\"BreadcrumbList\",\"@id\":\"https:\\\/\\\/www.fysiotech.ee\\\/et\\\/toode\\\/compact-regular\\\/#breadcrumb\",\"itemListElement\":[{\"@type\":\"ListItem\",\"position\":1,\"name\":\"Home\",\"item\":\"https:\\\/\\\/www.fysiotech.ee\\\/et\\\/\"},{\"@type\":\"ListItem\",\"position\":2,\"name\":\"Pood\",\"item\":\"https:\\\/\\\/www.fysiotech.ee\\\/et\\\/pood\\\/\"},{\"@type\":\"ListItem\",\"position\":3,\"name\":\"Compact Regular\"}]},{\"@type\":\"WebSite\",\"@id\":\"https:\\\/\\\/www.fysiotech.ee\\\/et\\\/#website\",\"url\":\"https:\\\/\\\/www.fysiotech.ee\\\/et\\\/\",\"name\":\"Fysiotech\",\"description\":\"Professional therapy &amp; treatments tables\",\"publisher\":{\"@id\":\"https:\\\/\\\/www.fysiotech.ee\\\/et\\\/#organization\"},\"potentialAction\":[{\"@type\":\"SearchAction\",\"target\":{\"@type\":\"EntryPoint\",\"urlTemplate\":\"https:\\\/\\\/www.fysiotech.ee\\\/et\\\/?s={search_term_string}\"},\"query-input\":{\"@type\":\"PropertyValueSpecification\",\"valueRequired\":true,\"valueName\":\"search_term_string\"}}],\"inLanguage\":\"et\"},{\"@type\":\"Organization\",\"@id\":\"https:\\\/\\\/www.fysiotech.ee\\\/et\\\/#organization\",\"name\":\"Fysiotech\",\"url\":\"https:\\\/\\\/www.fysiotech.ee\\\/et\\\/\",\"logo\":{\"@type\":\"ImageObject\",\"inLanguage\":\"et\",\"@id\":\"https:\\\/\\\/www.fysiotech.ee\\\/et\\\/#\\\/schema\\\/logo\\\/image\\\/\",\"url\":\"https:\\\/\\\/www.fysiotech.ee\\\/wp-content\\\/uploads\\\/2025\\\/09\\\/fysiotech-logo-250902.svg\",\"contentUrl\":\"https:\\\/\\\/www.fysiotech.ee\\\/wp-content\\\/uploads\\\/2025\\\/09\\\/fysiotech-logo-250902.svg\",\"width\":318,\"height\":91,\"caption\":\"Fysiotech\"},\"image\":{\"@id\":\"https:\\\/\\\/www.fysiotech.ee\\\/et\\\/#\\\/schema\\\/logo\\\/image\\\/\"}}]}<\/script>\n<!-- \/ Yoast SEO plugin. -->","yoast_head_json":{"title":"Kaasaskantav kokkupandav massaa\u017eilaud Compact Regular - Fysiotech","description":"Compact Regular on kvaliteetne, kerge ja kaasaskantav massaa\u017eilaud professionaalidele. Reguleeritav k\u00f5rgus, tugev konstruktsioon ja mugav disain igap\u00e4evaseks t\u00f6\u00f6ks. Tutvu l\u00e4hemalt Fysiotechis!","robots":{"index":"index","follow":"follow","max-snippet":"max-snippet:-1","max-image-preview":"max-image-preview:large","max-video-preview":"max-video-preview:-1"},"canonical":"https:\/\/www.fysiotech.ee\/et\/toode\/compact-regular\/","og_locale":"et_EE","og_type":"article","og_title":"Kaasaskantav kokkupandav massaa\u017eilaud Compact Regular - Fysiotech","og_description":"Compact Regular on kvaliteetne, kerge ja kaasaskantav massaa\u017eilaud professionaalidele. Reguleeritav k\u00f5rgus, tugev konstruktsioon ja mugav disain igap\u00e4evaseks t\u00f6\u00f6ks. Tutvu l\u00e4hemalt Fysiotechis!","og_url":"https:\/\/www.fysiotech.ee\/et\/toode\/compact-regular\/","og_site_name":"Fysiotech","article_modified_time":"2025-12-10T10:28:47+00:00","og_image":[{"width":1920,"height":1080,"url":"https:\/\/www.fysiotech.ee\/wp-content\/uploads\/2025\/05\/Remove-background-project-65_16x9.jpg","type":"image\/jpeg"}],"twitter_card":"summary_large_image","twitter_misc":{"Est. reading time":"1 minut"},"schema":{"@context":"https:\/\/schema.org","@graph":[{"@type":"WebPage","@id":"https:\/\/www.fysiotech.ee\/et\/toode\/compact-regular\/","url":"https:\/\/www.fysiotech.ee\/et\/toode\/compact-regular\/","name":"Kaasaskantav kokkupandav massaa\u017eilaud Compact Regular - Fysiotech","isPartOf":{"@id":"https:\/\/www.fysiotech.ee\/et\/#website"},"primaryImageOfPage":{"@id":"https:\/\/www.fysiotech.ee\/et\/toode\/compact-regular\/#primaryimage"},"image":{"@id":"https:\/\/www.fysiotech.ee\/et\/toode\/compact-regular\/#primaryimage"},"thumbnailUrl":"https:\/\/www.fysiotech.ee\/wp-content\/uploads\/2025\/05\/Remove-background-project-65_16x9.jpg","datePublished":"2025-05-30T07:50:11+00:00","dateModified":"2025-12-10T10:28:47+00:00","description":"Compact Regular on kvaliteetne, kerge ja kaasaskantav massaa\u017eilaud professionaalidele. Reguleeritav k\u00f5rgus, tugev konstruktsioon ja mugav disain igap\u00e4evaseks t\u00f6\u00f6ks. Tutvu l\u00e4hemalt Fysiotechis!","breadcrumb":{"@id":"https:\/\/www.fysiotech.ee\/et\/toode\/compact-regular\/#breadcrumb"},"inLanguage":"et","potentialAction":[{"@type":"ReadAction","target":["https:\/\/www.fysiotech.ee\/et\/toode\/compact-regular\/"]}]},{"@type":"ImageObject","inLanguage":"et","@id":"https:\/\/www.fysiotech.ee\/et\/toode\/compact-regular\/#primaryimage","url":"https:\/\/www.fysiotech.ee\/wp-content\/uploads\/2025\/05\/Remove-background-project-65_16x9.jpg","contentUrl":"https:\/\/www.fysiotech.ee\/wp-content\/uploads\/2025\/05\/Remove-background-project-65_16x9.jpg","width":1920,"height":1080},{"@type":"BreadcrumbList","@id":"https:\/\/www.fysiotech.ee\/et\/toode\/compact-regular\/#breadcrumb","itemListElement":[{"@type":"ListItem","position":1,"name":"Home","item":"https:\/\/www.fysiotech.ee\/et\/"},{"@type":"ListItem","position":2,"name":"Pood","item":"https:\/\/www.fysiotech.ee\/et\/pood\/"},{"@type":"ListItem","position":3,"name":"Compact Regular"}]},{"@type":"WebSite","@id":"https:\/\/www.fysiotech.ee\/et\/#website","url":"https:\/\/www.fysiotech.ee\/et\/","name":"Fysiotech","description":"Professional therapy &amp; treatments tables","publisher":{"@id":"https:\/\/www.fysiotech.ee\/et\/#organization"},"potentialAction":[{"@type":"SearchAction","target":{"@type":"EntryPoint","urlTemplate":"https:\/\/www.fysiotech.ee\/et\/?s={search_term_string}"},"query-input":{"@type":"PropertyValueSpecification","valueRequired":true,"valueName":"search_term_string"}}],"inLanguage":"et"},{"@type":"Organization","@id":"https:\/\/www.fysiotech.ee\/et\/#organization","name":"Fysiotech","url":"https:\/\/www.fysiotech.ee\/et\/","logo":{"@type":"ImageObject","inLanguage":"et","@id":"https:\/\/www.fysiotech.ee\/et\/#\/schema\/logo\/image\/","url":"https:\/\/www.fysiotech.ee\/wp-content\/uploads\/2025\/09\/fysiotech-logo-250902.svg","contentUrl":"https:\/\/www.fysiotech.ee\/wp-content\/uploads\/2025\/09\/fysiotech-logo-250902.svg","width":318,"height":91,"caption":"Fysiotech"},"image":{"@id":"https:\/\/www.fysiotech.ee\/et\/#\/schema\/logo\/image\/"}}]}},"_links":{"self":[{"href":"https:\/\/www.fysiotech.ee\/et\/wp-json\/wp\/v2\/product\/1525","targetHints":{"allow":["GET"]}}],"collection":[{"href":"https:\/\/www.fysiotech.ee\/et\/wp-json\/wp\/v2\/product"}],"about":[{"href":"https:\/\/www.fysiotech.ee\/et\/wp-json\/wp\/v2\/types\/product"}],"wp:featuredmedia":[{"embeddable":true,"href":"https:\/\/www.fysiotech.ee\/et\/wp-json\/wp\/v2\/media\/2001"}],"wp:attachment":[{"href":"https:\/\/www.fysiotech.ee\/et\/wp-json\/wp\/v2\/media?parent=1525"}],"wp:term":[{"taxonomy":"product_brand","embeddable":true,"href":"https:\/\/www.fysiotech.ee\/et\/wp-json\/wp\/v2\/product_brand?post=1525"},{"taxonomy":"product_cat","embeddable":true,"href":"https:\/\/www.fysiotech.ee\/et\/wp-json\/wp\/v2\/product_cat?post=1525"},{"taxonomy":"product_tag","embeddable":true,"href":"https:\/\/www.fysiotech.ee\/et\/wp-json\/wp\/v2\/product_tag?post=1525"}],"curies":[{"name":"wp","href":"https:\/\/api.w.org\/{rel}","templated":true}]}}