{"id":2772,"date":"2026-02-03T15:28:06","date_gmt":"2026-02-03T13:28:06","guid":{"rendered":"https:\/\/www.fysiotech.ee\/?post_type=product&#038;p=2772"},"modified":"2026-02-03T15:43:17","modified_gmt":"2026-02-03T13:43:17","slug":"stepsit-stool-copy","status":"publish","type":"product","link":"https:\/\/www.fysiotech.ee\/et\/toode\/stepsit-stool-copy\/","title":{"rendered":"Sadultool seljatoega"},"content":{"rendered":"<p>Istumisosa k\u00f5rgus: 575-770mm<br \/>\nIstumisosa laius: 360mm<\/p>\n","protected":false},"excerpt":{"rendered":"<p>Meie tootevalikus on lai valik t\u00f6\u00f6toole arstidele, iluteenindajatele ja mass\u00f6\u00f6ridele (k\u00f5iki mudeleid ei ole kodulehel v\u00e4lja toodud). Allpool oleval tehnilise info pildil on esitatud meie populaarsemad t\u00f6\u00f6toolid. Kui otsite aga midagi muud, saatke meile p\u00e4ring ning leiame just teile sobiva lahenduse.<\/p>\n<p>Tooli k\u00f5rguse reguleerimise mehhanism koos negatiivse istmekaldega on lukustatav mitmes asendis. Seljatugi on reguleeritav nii k\u00f5rguse kui ka kaldenurga osas. Alus on valmistatud vastupidavast klaaskiuga tugevdatud mustast pol\u00fcamiidist. Rattad sobivad kasutamiseks nii pehmetel kui ka k\u00f5vadel p\u00f5randatel.<\/p>\n","protected":false},"featured_media":2776,"template":"","meta":{"_acf_changed":false,"_et_pb_use_builder":"","_et_pb_old_content":"","_et_gb_content_width":""},"product_brand":[],"product_cat":[126,130,114],"product_tag":[],"class_list":{"0":"post-2772","1":"product","2":"type-product","3":"status-publish","4":"has-post-thumbnail","6":"product_cat-tootoolid-meditsiin","7":"product_cat-tootoolid-ilusalong","8":"product_cat-tootoolid-fusioteraapia","10":"first","11":"instock","12":"purchasable","13":"product-type-simple"},"exclude_global_add_ons":[],"addons":[],"acf":[],"yoast_head":"<!-- This site is optimized with the Yoast SEO plugin v27.3 - https:\/\/yoast.com\/product\/yoast-seo-wordpress\/ -->\n<title>Sadultool seljatoega - Fysiotech<\/title>\n<meta name=\"robots\" content=\"index, follow, max-snippet:-1, max-image-preview:large, max-video-preview:-1\" \/>\n<link rel=\"canonical\" href=\"https:\/\/www.fysiotech.ee\/et\/toode\/stepsit-stool-copy\/\" \/>\n<meta property=\"og:locale\" content=\"et_EE\" \/>\n<meta property=\"og:type\" content=\"article\" \/>\n<meta property=\"og:title\" content=\"Sadultool seljatoega - Fysiotech\" \/>\n<meta property=\"og:description\" content=\"Meie tootevalikus on lai valik t\u00f6\u00f6toole arstidele, iluteenindajatele ja mass\u00f6\u00f6ridele (k\u00f5iki mudeleid ei ole kodulehel v\u00e4lja toodud). Allpool oleval tehnilise info pildil on esitatud meie populaarsemad t\u00f6\u00f6toolid. Kui otsite aga midagi muud, saatke meile p\u00e4ring ning leiame just teile sobiva lahenduse.  Tooli k\u00f5rguse reguleerimise mehhanism koos negatiivse istmekaldega on lukustatav mitmes asendis. Seljatugi on reguleeritav nii k\u00f5rguse kui ka kaldenurga osas. Alus on valmistatud vastupidavast klaaskiuga tugevdatud mustast pol\u00fcamiidist. Rattad sobivad kasutamiseks nii pehmetel kui ka k\u00f5vadel p\u00f5randatel.\" \/>\n<meta property=\"og:url\" content=\"https:\/\/www.fysiotech.ee\/et\/toode\/stepsit-stool-copy\/\" \/>\n<meta property=\"og:site_name\" content=\"Fysiotech\" \/>\n<meta property=\"article:modified_time\" content=\"2026-02-03T13:43:17+00:00\" \/>\n<meta property=\"og:image\" content=\"https:\/\/www.fysiotech.ee\/wp-content\/uploads\/2026\/02\/Tool-2-1.jpg\" \/>\n\t<meta property=\"og:image:width\" content=\"1920\" \/>\n\t<meta property=\"og:image:height\" content=\"1080\" \/>\n\t<meta property=\"og:image:type\" content=\"image\/jpeg\" \/>\n<meta name=\"twitter:card\" content=\"summary_large_image\" \/>\n<meta name=\"twitter:label1\" content=\"Est. reading time\" \/>\n\t<meta name=\"twitter:data1\" content=\"1 minut\" \/>\n<script type=\"application\/ld+json\" class=\"yoast-schema-graph\">{\"@context\":\"https:\\\/\\\/schema.org\",\"@graph\":[{\"@type\":\"WebPage\",\"@id\":\"https:\\\/\\\/www.fysiotech.ee\\\/et\\\/toode\\\/stepsit-stool-copy\\\/\",\"url\":\"https:\\\/\\\/www.fysiotech.ee\\\/et\\\/toode\\\/stepsit-stool-copy\\\/\",\"name\":\"Sadultool seljatoega - Fysiotech\",\"isPartOf\":{\"@id\":\"https:\\\/\\\/www.fysiotech.ee\\\/et\\\/#website\"},\"primaryImageOfPage\":{\"@id\":\"https:\\\/\\\/www.fysiotech.ee\\\/et\\\/toode\\\/stepsit-stool-copy\\\/#primaryimage\"},\"image\":{\"@id\":\"https:\\\/\\\/www.fysiotech.ee\\\/et\\\/toode\\\/stepsit-stool-copy\\\/#primaryimage\"},\"thumbnailUrl\":\"https:\\\/\\\/www.fysiotech.ee\\\/wp-content\\\/uploads\\\/2026\\\/02\\\/Tool-2-1.jpg\",\"datePublished\":\"2026-02-03T13:28:06+00:00\",\"dateModified\":\"2026-02-03T13:43:17+00:00\",\"breadcrumb\":{\"@id\":\"https:\\\/\\\/www.fysiotech.ee\\\/et\\\/toode\\\/stepsit-stool-copy\\\/#breadcrumb\"},\"inLanguage\":\"et\",\"potentialAction\":[{\"@type\":\"ReadAction\",\"target\":[\"https:\\\/\\\/www.fysiotech.ee\\\/et\\\/toode\\\/stepsit-stool-copy\\\/\"]}]},{\"@type\":\"ImageObject\",\"inLanguage\":\"et\",\"@id\":\"https:\\\/\\\/www.fysiotech.ee\\\/et\\\/toode\\\/stepsit-stool-copy\\\/#primaryimage\",\"url\":\"https:\\\/\\\/www.fysiotech.ee\\\/wp-content\\\/uploads\\\/2026\\\/02\\\/Tool-2-1.jpg\",\"contentUrl\":\"https:\\\/\\\/www.fysiotech.ee\\\/wp-content\\\/uploads\\\/2026\\\/02\\\/Tool-2-1.jpg\",\"width\":1920,\"height\":1080},{\"@type\":\"BreadcrumbList\",\"@id\":\"https:\\\/\\\/www.fysiotech.ee\\\/et\\\/toode\\\/stepsit-stool-copy\\\/#breadcrumb\",\"itemListElement\":[{\"@type\":\"ListItem\",\"position\":1,\"name\":\"Home\",\"item\":\"https:\\\/\\\/www.fysiotech.ee\\\/et\\\/\"},{\"@type\":\"ListItem\",\"position\":2,\"name\":\"Pood\",\"item\":\"https:\\\/\\\/www.fysiotech.ee\\\/et\\\/pood\\\/\"},{\"@type\":\"ListItem\",\"position\":3,\"name\":\"Sadultool seljatoega\"}]},{\"@type\":\"WebSite\",\"@id\":\"https:\\\/\\\/www.fysiotech.ee\\\/et\\\/#website\",\"url\":\"https:\\\/\\\/www.fysiotech.ee\\\/et\\\/\",\"name\":\"Fysiotech\",\"description\":\"Professional therapy &amp; treatments tables\",\"publisher\":{\"@id\":\"https:\\\/\\\/www.fysiotech.ee\\\/et\\\/#organization\"},\"potentialAction\":[{\"@type\":\"SearchAction\",\"target\":{\"@type\":\"EntryPoint\",\"urlTemplate\":\"https:\\\/\\\/www.fysiotech.ee\\\/et\\\/?s={search_term_string}\"},\"query-input\":{\"@type\":\"PropertyValueSpecification\",\"valueRequired\":true,\"valueName\":\"search_term_string\"}}],\"inLanguage\":\"et\"},{\"@type\":\"Organization\",\"@id\":\"https:\\\/\\\/www.fysiotech.ee\\\/et\\\/#organization\",\"name\":\"Fysiotech\",\"url\":\"https:\\\/\\\/www.fysiotech.ee\\\/et\\\/\",\"logo\":{\"@type\":\"ImageObject\",\"inLanguage\":\"et\",\"@id\":\"https:\\\/\\\/www.fysiotech.ee\\\/et\\\/#\\\/schema\\\/logo\\\/image\\\/\",\"url\":\"https:\\\/\\\/www.fysiotech.ee\\\/wp-content\\\/uploads\\\/2025\\\/09\\\/fysiotech-logo-250902.svg\",\"contentUrl\":\"https:\\\/\\\/www.fysiotech.ee\\\/wp-content\\\/uploads\\\/2025\\\/09\\\/fysiotech-logo-250902.svg\",\"width\":318,\"height\":91,\"caption\":\"Fysiotech\"},\"image\":{\"@id\":\"https:\\\/\\\/www.fysiotech.ee\\\/et\\\/#\\\/schema\\\/logo\\\/image\\\/\"}}]}<\/script>\n<!-- \/ Yoast SEO plugin. -->","yoast_head_json":{"title":"Sadultool seljatoega - Fysiotech","robots":{"index":"index","follow":"follow","max-snippet":"max-snippet:-1","max-image-preview":"max-image-preview:large","max-video-preview":"max-video-preview:-1"},"canonical":"https:\/\/www.fysiotech.ee\/et\/toode\/stepsit-stool-copy\/","og_locale":"et_EE","og_type":"article","og_title":"Sadultool seljatoega - Fysiotech","og_description":"Meie tootevalikus on lai valik t\u00f6\u00f6toole arstidele, iluteenindajatele ja mass\u00f6\u00f6ridele (k\u00f5iki mudeleid ei ole kodulehel v\u00e4lja toodud). Allpool oleval tehnilise info pildil on esitatud meie populaarsemad t\u00f6\u00f6toolid. Kui otsite aga midagi muud, saatke meile p\u00e4ring ning leiame just teile sobiva lahenduse.  Tooli k\u00f5rguse reguleerimise mehhanism koos negatiivse istmekaldega on lukustatav mitmes asendis. Seljatugi on reguleeritav nii k\u00f5rguse kui ka kaldenurga osas. Alus on valmistatud vastupidavast klaaskiuga tugevdatud mustast pol\u00fcamiidist. Rattad sobivad kasutamiseks nii pehmetel kui ka k\u00f5vadel p\u00f5randatel.","og_url":"https:\/\/www.fysiotech.ee\/et\/toode\/stepsit-stool-copy\/","og_site_name":"Fysiotech","article_modified_time":"2026-02-03T13:43:17+00:00","og_image":[{"width":1920,"height":1080,"url":"https:\/\/www.fysiotech.ee\/wp-content\/uploads\/2026\/02\/Tool-2-1.jpg","type":"image\/jpeg"}],"twitter_card":"summary_large_image","twitter_misc":{"Est. reading time":"1 minut"},"schema":{"@context":"https:\/\/schema.org","@graph":[{"@type":"WebPage","@id":"https:\/\/www.fysiotech.ee\/et\/toode\/stepsit-stool-copy\/","url":"https:\/\/www.fysiotech.ee\/et\/toode\/stepsit-stool-copy\/","name":"Sadultool seljatoega - Fysiotech","isPartOf":{"@id":"https:\/\/www.fysiotech.ee\/et\/#website"},"primaryImageOfPage":{"@id":"https:\/\/www.fysiotech.ee\/et\/toode\/stepsit-stool-copy\/#primaryimage"},"image":{"@id":"https:\/\/www.fysiotech.ee\/et\/toode\/stepsit-stool-copy\/#primaryimage"},"thumbnailUrl":"https:\/\/www.fysiotech.ee\/wp-content\/uploads\/2026\/02\/Tool-2-1.jpg","datePublished":"2026-02-03T13:28:06+00:00","dateModified":"2026-02-03T13:43:17+00:00","breadcrumb":{"@id":"https:\/\/www.fysiotech.ee\/et\/toode\/stepsit-stool-copy\/#breadcrumb"},"inLanguage":"et","potentialAction":[{"@type":"ReadAction","target":["https:\/\/www.fysiotech.ee\/et\/toode\/stepsit-stool-copy\/"]}]},{"@type":"ImageObject","inLanguage":"et","@id":"https:\/\/www.fysiotech.ee\/et\/toode\/stepsit-stool-copy\/#primaryimage","url":"https:\/\/www.fysiotech.ee\/wp-content\/uploads\/2026\/02\/Tool-2-1.jpg","contentUrl":"https:\/\/www.fysiotech.ee\/wp-content\/uploads\/2026\/02\/Tool-2-1.jpg","width":1920,"height":1080},{"@type":"BreadcrumbList","@id":"https:\/\/www.fysiotech.ee\/et\/toode\/stepsit-stool-copy\/#breadcrumb","itemListElement":[{"@type":"ListItem","position":1,"name":"Home","item":"https:\/\/www.fysiotech.ee\/et\/"},{"@type":"ListItem","position":2,"name":"Pood","item":"https:\/\/www.fysiotech.ee\/et\/pood\/"},{"@type":"ListItem","position":3,"name":"Sadultool seljatoega"}]},{"@type":"WebSite","@id":"https:\/\/www.fysiotech.ee\/et\/#website","url":"https:\/\/www.fysiotech.ee\/et\/","name":"Fysiotech","description":"Professional therapy &amp; treatments tables","publisher":{"@id":"https:\/\/www.fysiotech.ee\/et\/#organization"},"potentialAction":[{"@type":"SearchAction","target":{"@type":"EntryPoint","urlTemplate":"https:\/\/www.fysiotech.ee\/et\/?s={search_term_string}"},"query-input":{"@type":"PropertyValueSpecification","valueRequired":true,"valueName":"search_term_string"}}],"inLanguage":"et"},{"@type":"Organization","@id":"https:\/\/www.fysiotech.ee\/et\/#organization","name":"Fysiotech","url":"https:\/\/www.fysiotech.ee\/et\/","logo":{"@type":"ImageObject","inLanguage":"et","@id":"https:\/\/www.fysiotech.ee\/et\/#\/schema\/logo\/image\/","url":"https:\/\/www.fysiotech.ee\/wp-content\/uploads\/2025\/09\/fysiotech-logo-250902.svg","contentUrl":"https:\/\/www.fysiotech.ee\/wp-content\/uploads\/2025\/09\/fysiotech-logo-250902.svg","width":318,"height":91,"caption":"Fysiotech"},"image":{"@id":"https:\/\/www.fysiotech.ee\/et\/#\/schema\/logo\/image\/"}}]}},"_links":{"self":[{"href":"https:\/\/www.fysiotech.ee\/et\/wp-json\/wp\/v2\/product\/2772","targetHints":{"allow":["GET"]}}],"collection":[{"href":"https:\/\/www.fysiotech.ee\/et\/wp-json\/wp\/v2\/product"}],"about":[{"href":"https:\/\/www.fysiotech.ee\/et\/wp-json\/wp\/v2\/types\/product"}],"wp:featuredmedia":[{"embeddable":true,"href":"https:\/\/www.fysiotech.ee\/et\/wp-json\/wp\/v2\/media\/2776"}],"wp:attachment":[{"href":"https:\/\/www.fysiotech.ee\/et\/wp-json\/wp\/v2\/media?parent=2772"}],"wp:term":[{"taxonomy":"product_brand","embeddable":true,"href":"https:\/\/www.fysiotech.ee\/et\/wp-json\/wp\/v2\/product_brand?post=2772"},{"taxonomy":"product_cat","embeddable":true,"href":"https:\/\/www.fysiotech.ee\/et\/wp-json\/wp\/v2\/product_cat?post=2772"},{"taxonomy":"product_tag","embeddable":true,"href":"https:\/\/www.fysiotech.ee\/et\/wp-json\/wp\/v2\/product_tag?post=2772"}],"curies":[{"name":"wp","href":"https:\/\/api.w.org\/{rel}","templated":true}]}}