{"id":2909,"date":"2026-04-17T11:29:31","date_gmt":"2026-04-17T08:29:31","guid":{"rendered":"https:\/\/www.fysiotech.ee\/?post_type=product&#038;p=2909"},"modified":"2026-04-17T11:37:53","modified_gmt":"2026-04-17T08:37:53","slug":"ristkulikukujuline-padi-copy","status":"publish","type":"product","link":"https:\/\/www.fysiotech.ee\/et\/toode\/ristkulikukujuline-padi-copy\/","title":{"rendered":"N\u00e4opehmendus massaa\u017eilauale m\u00e4luvahtpadi"},"content":{"rendered":"","protected":false},"excerpt":{"rendered":"<p class=\"font-claude-response-body break-words whitespace-normal leading-[1.7]\">M\u00e4luvahtpadjakese abil on mugav ravida patsienti ka k\u00f5huli asendis.<\/p>\n<p class=\"font-claude-response-body break-words whitespace-normal leading-[1.7]\">Padi kohandub n\u00e4o kujule, kaitstes seda ning muutes hingamise lihtsaks ja mugavaks. Ravilaua k\u00f5vad servad ei kahjusta ega suru n\u00e4gu. Komplektis on lisapadjap\u00fc\u00fcr valges v\u00e4rvis. P\u00fc\u00fcr on kergesti eemaldatav ja pestav. Ka standardne must p\u00fc\u00fcr on eemaldatav ja pestav ning valmistatud kvaliteetsest mikrokiust.<\/p>\n<p class=\"font-claude-response-body break-words whitespace-normal leading-[1.7]\">M\u00f5\u00f5dud: 28x26x4 cm<\/p>\n","protected":false},"featured_media":2911,"template":"","meta":{"_acf_changed":false,"_et_pb_use_builder":"","_et_pb_old_content":"","_et_gb_content_width":""},"product_brand":[],"product_cat":[131,115,127],"product_tag":[],"class_list":{"0":"post-2909","1":"product","2":"type-product","3":"status-publish","4":"has-post-thumbnail","6":"product_cat-lisatarvikud-ja-muu-moobel-ilusalong","7":"product_cat-lisatarvikud-ja-muu-moobel-fusioteraapia","8":"product_cat-lisatarvikud-ja-muu-moobel-meditsiin","10":"first","11":"instock","12":"purchasable","13":"product-type-simple"},"exclude_global_add_ons":false,"addons":[{"name":"Polsterduse v\u00e4rv","type":"multiple_choice","position":0,"required":true,"title_format":"label","default":"","description_enable":false,"description":"","placeholder_enable":false,"placeholder":"","display":"select","restrictions_type":"any_text","adjust_price":false,"price":"","price_type":"flat_fee","restrictions":false,"min":"0","max":"0","options":[{"label":"sinine - 729","price":"","price_type":"flat_fee","image":0},{"label":"helepruun - 983","price":"","price_type":"flat_fee","image":0},{"label":"must - 1033","price":"","price_type":"flat_fee","image":0},{"label":"akvamariin - 1757","price":"","price_type":"flat_fee","image":0},{"label":"oliiv - 3119","price":"","price_type":"flat_fee","image":0},{"label":"punane - 1271","price":"","price_type":"flat_fee","image":0},{"label":"savi - 1709","price":"","price_type":"flat_fee","image":0},{"label":"hall - 3120","price":"","price_type":"flat_fee","image":0},{"label":"valge - 534","price":"","price_type":"flat_fee","image":0},{"label":"Individuaalne toon","price":"","price_type":"flat_fee","image":0}],"id":1749037285}],"acf":[],"yoast_head":"<!-- This site is optimized with the Yoast SEO plugin v27.4 - https:\/\/yoast.com\/product\/yoast-seo-wordpress\/ -->\n<title>N\u00e4opehmendus massaa\u017eilauale m\u00e4luvahtpadi - Fysiotech<\/title>\n<meta name=\"robots\" content=\"index, follow, max-snippet:-1, max-image-preview:large, max-video-preview:-1\" \/>\n<link rel=\"canonical\" href=\"https:\/\/www.fysiotech.ee\/et\/toode\/ristkulikukujuline-padi-copy\/\" \/>\n<meta property=\"og:locale\" content=\"et_EE\" \/>\n<meta property=\"og:type\" content=\"article\" \/>\n<meta property=\"og:title\" content=\"N\u00e4opehmendus massaa\u017eilauale m\u00e4luvahtpadi - Fysiotech\" \/>\n<meta property=\"og:description\" content=\"M\u00e4luvahtpadjakese abil on mugav ravida patsienti ka k\u00f5huli asendis. Padi kohandub n\u00e4o kujule, kaitstes seda ning muutes hingamise lihtsaks ja mugavaks. Ravilaua k\u00f5vad servad ei kahjusta ega suru n\u00e4gu. Komplektis on lisapadjap\u00fc\u00fcr valges v\u00e4rvis. P\u00fc\u00fcr on kergesti eemaldatav ja pestav. Ka standardne must p\u00fc\u00fcr on eemaldatav ja pestav ning valmistatud kvaliteetsest mikrokiust. M\u00f5\u00f5dud: 28x26x4 cm\" \/>\n<meta property=\"og:url\" content=\"https:\/\/www.fysiotech.ee\/et\/toode\/ristkulikukujuline-padi-copy\/\" \/>\n<meta property=\"og:site_name\" content=\"Fysiotech\" \/>\n<meta property=\"article:modified_time\" content=\"2026-04-17T08:37:53+00:00\" \/>\n<meta property=\"og:image\" content=\"https:\/\/www.fysiotech.ee\/wp-content\/uploads\/2026\/04\/Remove-background-project-2026-04-17T112801.165_16x9.jpg\" \/>\n\t<meta property=\"og:image:width\" content=\"1634\" \/>\n\t<meta property=\"og:image:height\" content=\"919\" \/>\n\t<meta property=\"og:image:type\" content=\"image\/jpeg\" \/>\n<meta name=\"twitter:card\" content=\"summary_large_image\" \/>\n<meta name=\"twitter:label1\" content=\"Est. reading time\" \/>\n\t<meta name=\"twitter:data1\" content=\"1 minut\" \/>\n<script type=\"application\/ld+json\" class=\"yoast-schema-graph\">{\"@context\":\"https:\\\/\\\/schema.org\",\"@graph\":[{\"@type\":\"WebPage\",\"@id\":\"https:\\\/\\\/www.fysiotech.ee\\\/et\\\/toode\\\/ristkulikukujuline-padi-copy\\\/\",\"url\":\"https:\\\/\\\/www.fysiotech.ee\\\/et\\\/toode\\\/ristkulikukujuline-padi-copy\\\/\",\"name\":\"N\u00e4opehmendus massaa\u017eilauale m\u00e4luvahtpadi - Fysiotech\",\"isPartOf\":{\"@id\":\"https:\\\/\\\/www.fysiotech.ee\\\/et\\\/#website\"},\"primaryImageOfPage\":{\"@id\":\"https:\\\/\\\/www.fysiotech.ee\\\/et\\\/toode\\\/ristkulikukujuline-padi-copy\\\/#primaryimage\"},\"image\":{\"@id\":\"https:\\\/\\\/www.fysiotech.ee\\\/et\\\/toode\\\/ristkulikukujuline-padi-copy\\\/#primaryimage\"},\"thumbnailUrl\":\"https:\\\/\\\/www.fysiotech.ee\\\/wp-content\\\/uploads\\\/2026\\\/04\\\/Remove-background-project-2026-04-17T112801.165_16x9.jpg\",\"datePublished\":\"2026-04-17T08:29:31+00:00\",\"dateModified\":\"2026-04-17T08:37:53+00:00\",\"breadcrumb\":{\"@id\":\"https:\\\/\\\/www.fysiotech.ee\\\/et\\\/toode\\\/ristkulikukujuline-padi-copy\\\/#breadcrumb\"},\"inLanguage\":\"et\",\"potentialAction\":[{\"@type\":\"ReadAction\",\"target\":[\"https:\\\/\\\/www.fysiotech.ee\\\/et\\\/toode\\\/ristkulikukujuline-padi-copy\\\/\"]}]},{\"@type\":\"ImageObject\",\"inLanguage\":\"et\",\"@id\":\"https:\\\/\\\/www.fysiotech.ee\\\/et\\\/toode\\\/ristkulikukujuline-padi-copy\\\/#primaryimage\",\"url\":\"https:\\\/\\\/www.fysiotech.ee\\\/wp-content\\\/uploads\\\/2026\\\/04\\\/Remove-background-project-2026-04-17T112801.165_16x9.jpg\",\"contentUrl\":\"https:\\\/\\\/www.fysiotech.ee\\\/wp-content\\\/uploads\\\/2026\\\/04\\\/Remove-background-project-2026-04-17T112801.165_16x9.jpg\",\"width\":1634,\"height\":919},{\"@type\":\"BreadcrumbList\",\"@id\":\"https:\\\/\\\/www.fysiotech.ee\\\/et\\\/toode\\\/ristkulikukujuline-padi-copy\\\/#breadcrumb\",\"itemListElement\":[{\"@type\":\"ListItem\",\"position\":1,\"name\":\"Home\",\"item\":\"https:\\\/\\\/www.fysiotech.ee\\\/et\\\/\"},{\"@type\":\"ListItem\",\"position\":2,\"name\":\"Pood\",\"item\":\"https:\\\/\\\/www.fysiotech.ee\\\/et\\\/pood\\\/\"},{\"@type\":\"ListItem\",\"position\":3,\"name\":\"N\u00e4opehmendus massaa\u017eilauale m\u00e4luvahtpadi\"}]},{\"@type\":\"WebSite\",\"@id\":\"https:\\\/\\\/www.fysiotech.ee\\\/et\\\/#website\",\"url\":\"https:\\\/\\\/www.fysiotech.ee\\\/et\\\/\",\"name\":\"Fysiotech\",\"description\":\"Professional therapy &amp; treatments tables\",\"publisher\":{\"@id\":\"https:\\\/\\\/www.fysiotech.ee\\\/et\\\/#organization\"},\"potentialAction\":[{\"@type\":\"SearchAction\",\"target\":{\"@type\":\"EntryPoint\",\"urlTemplate\":\"https:\\\/\\\/www.fysiotech.ee\\\/et\\\/?s={search_term_string}\"},\"query-input\":{\"@type\":\"PropertyValueSpecification\",\"valueRequired\":true,\"valueName\":\"search_term_string\"}}],\"inLanguage\":\"et\"},{\"@type\":\"Organization\",\"@id\":\"https:\\\/\\\/www.fysiotech.ee\\\/et\\\/#organization\",\"name\":\"Fysiotech\",\"url\":\"https:\\\/\\\/www.fysiotech.ee\\\/et\\\/\",\"logo\":{\"@type\":\"ImageObject\",\"inLanguage\":\"et\",\"@id\":\"https:\\\/\\\/www.fysiotech.ee\\\/et\\\/#\\\/schema\\\/logo\\\/image\\\/\",\"url\":\"https:\\\/\\\/www.fysiotech.ee\\\/wp-content\\\/uploads\\\/2025\\\/09\\\/fysiotech-logo-250902.svg\",\"contentUrl\":\"https:\\\/\\\/www.fysiotech.ee\\\/wp-content\\\/uploads\\\/2025\\\/09\\\/fysiotech-logo-250902.svg\",\"width\":318,\"height\":91,\"caption\":\"Fysiotech\"},\"image\":{\"@id\":\"https:\\\/\\\/www.fysiotech.ee\\\/et\\\/#\\\/schema\\\/logo\\\/image\\\/\"}}]}<\/script>\n<!-- \/ Yoast SEO plugin. -->","yoast_head_json":{"title":"N\u00e4opehmendus massaa\u017eilauale m\u00e4luvahtpadi - Fysiotech","robots":{"index":"index","follow":"follow","max-snippet":"max-snippet:-1","max-image-preview":"max-image-preview:large","max-video-preview":"max-video-preview:-1"},"canonical":"https:\/\/www.fysiotech.ee\/et\/toode\/ristkulikukujuline-padi-copy\/","og_locale":"et_EE","og_type":"article","og_title":"N\u00e4opehmendus massaa\u017eilauale m\u00e4luvahtpadi - Fysiotech","og_description":"M\u00e4luvahtpadjakese abil on mugav ravida patsienti ka k\u00f5huli asendis. Padi kohandub n\u00e4o kujule, kaitstes seda ning muutes hingamise lihtsaks ja mugavaks. Ravilaua k\u00f5vad servad ei kahjusta ega suru n\u00e4gu. Komplektis on lisapadjap\u00fc\u00fcr valges v\u00e4rvis. P\u00fc\u00fcr on kergesti eemaldatav ja pestav. Ka standardne must p\u00fc\u00fcr on eemaldatav ja pestav ning valmistatud kvaliteetsest mikrokiust. M\u00f5\u00f5dud: 28x26x4 cm","og_url":"https:\/\/www.fysiotech.ee\/et\/toode\/ristkulikukujuline-padi-copy\/","og_site_name":"Fysiotech","article_modified_time":"2026-04-17T08:37:53+00:00","og_image":[{"width":1634,"height":919,"url":"https:\/\/www.fysiotech.ee\/wp-content\/uploads\/2026\/04\/Remove-background-project-2026-04-17T112801.165_16x9.jpg","type":"image\/jpeg"}],"twitter_card":"summary_large_image","twitter_misc":{"Est. reading time":"1 minut"},"schema":{"@context":"https:\/\/schema.org","@graph":[{"@type":"WebPage","@id":"https:\/\/www.fysiotech.ee\/et\/toode\/ristkulikukujuline-padi-copy\/","url":"https:\/\/www.fysiotech.ee\/et\/toode\/ristkulikukujuline-padi-copy\/","name":"N\u00e4opehmendus massaa\u017eilauale m\u00e4luvahtpadi - Fysiotech","isPartOf":{"@id":"https:\/\/www.fysiotech.ee\/et\/#website"},"primaryImageOfPage":{"@id":"https:\/\/www.fysiotech.ee\/et\/toode\/ristkulikukujuline-padi-copy\/#primaryimage"},"image":{"@id":"https:\/\/www.fysiotech.ee\/et\/toode\/ristkulikukujuline-padi-copy\/#primaryimage"},"thumbnailUrl":"https:\/\/www.fysiotech.ee\/wp-content\/uploads\/2026\/04\/Remove-background-project-2026-04-17T112801.165_16x9.jpg","datePublished":"2026-04-17T08:29:31+00:00","dateModified":"2026-04-17T08:37:53+00:00","breadcrumb":{"@id":"https:\/\/www.fysiotech.ee\/et\/toode\/ristkulikukujuline-padi-copy\/#breadcrumb"},"inLanguage":"et","potentialAction":[{"@type":"ReadAction","target":["https:\/\/www.fysiotech.ee\/et\/toode\/ristkulikukujuline-padi-copy\/"]}]},{"@type":"ImageObject","inLanguage":"et","@id":"https:\/\/www.fysiotech.ee\/et\/toode\/ristkulikukujuline-padi-copy\/#primaryimage","url":"https:\/\/www.fysiotech.ee\/wp-content\/uploads\/2026\/04\/Remove-background-project-2026-04-17T112801.165_16x9.jpg","contentUrl":"https:\/\/www.fysiotech.ee\/wp-content\/uploads\/2026\/04\/Remove-background-project-2026-04-17T112801.165_16x9.jpg","width":1634,"height":919},{"@type":"BreadcrumbList","@id":"https:\/\/www.fysiotech.ee\/et\/toode\/ristkulikukujuline-padi-copy\/#breadcrumb","itemListElement":[{"@type":"ListItem","position":1,"name":"Home","item":"https:\/\/www.fysiotech.ee\/et\/"},{"@type":"ListItem","position":2,"name":"Pood","item":"https:\/\/www.fysiotech.ee\/et\/pood\/"},{"@type":"ListItem","position":3,"name":"N\u00e4opehmendus massaa\u017eilauale m\u00e4luvahtpadi"}]},{"@type":"WebSite","@id":"https:\/\/www.fysiotech.ee\/et\/#website","url":"https:\/\/www.fysiotech.ee\/et\/","name":"Fysiotech","description":"Professional therapy &amp; treatments tables","publisher":{"@id":"https:\/\/www.fysiotech.ee\/et\/#organization"},"potentialAction":[{"@type":"SearchAction","target":{"@type":"EntryPoint","urlTemplate":"https:\/\/www.fysiotech.ee\/et\/?s={search_term_string}"},"query-input":{"@type":"PropertyValueSpecification","valueRequired":true,"valueName":"search_term_string"}}],"inLanguage":"et"},{"@type":"Organization","@id":"https:\/\/www.fysiotech.ee\/et\/#organization","name":"Fysiotech","url":"https:\/\/www.fysiotech.ee\/et\/","logo":{"@type":"ImageObject","inLanguage":"et","@id":"https:\/\/www.fysiotech.ee\/et\/#\/schema\/logo\/image\/","url":"https:\/\/www.fysiotech.ee\/wp-content\/uploads\/2025\/09\/fysiotech-logo-250902.svg","contentUrl":"https:\/\/www.fysiotech.ee\/wp-content\/uploads\/2025\/09\/fysiotech-logo-250902.svg","width":318,"height":91,"caption":"Fysiotech"},"image":{"@id":"https:\/\/www.fysiotech.ee\/et\/#\/schema\/logo\/image\/"}}]}},"_links":{"self":[{"href":"https:\/\/www.fysiotech.ee\/et\/wp-json\/wp\/v2\/product\/2909","targetHints":{"allow":["GET"]}}],"collection":[{"href":"https:\/\/www.fysiotech.ee\/et\/wp-json\/wp\/v2\/product"}],"about":[{"href":"https:\/\/www.fysiotech.ee\/et\/wp-json\/wp\/v2\/types\/product"}],"wp:featuredmedia":[{"embeddable":true,"href":"https:\/\/www.fysiotech.ee\/et\/wp-json\/wp\/v2\/media\/2911"}],"wp:attachment":[{"href":"https:\/\/www.fysiotech.ee\/et\/wp-json\/wp\/v2\/media?parent=2909"}],"wp:term":[{"taxonomy":"product_brand","embeddable":true,"href":"https:\/\/www.fysiotech.ee\/et\/wp-json\/wp\/v2\/product_brand?post=2909"},{"taxonomy":"product_cat","embeddable":true,"href":"https:\/\/www.fysiotech.ee\/et\/wp-json\/wp\/v2\/product_cat?post=2909"},{"taxonomy":"product_tag","embeddable":true,"href":"https:\/\/www.fysiotech.ee\/et\/wp-json\/wp\/v2\/product_tag?post=2909"}],"curies":[{"name":"wp","href":"https:\/\/api.w.org\/{rel}","templated":true}]}}